{"id":2148,"date":"2021-10-11T09:59:55","date_gmt":"2021-10-11T07:59:55","guid":{"rendered":"https:\/\/hebammenpraxis-am-steinlein.de\/?page_id=2148"},"modified":"2024-11-17T16:09:24","modified_gmt":"2024-11-17T14:09:24","slug":"anmeldung-rg-2-2","status":"publish","type":"page","link":"https:\/\/hebammenpraxis-am-steinlein.de\/?page_id=2148","title":{"rendered":"Geburtsvorbereitung f\u00fcr Erstgeb\u00e4rende"},"content":{"rendered":"\n<p><strong>Kursleitung: Heike Kralik, Hebamme<\/strong><\/p>\n\n\n\n<p>In unserem Geburtsvorbereitungskurs m\u00f6chten wir Sie nicht einfach nur informieren, sondern Ihnen erm\u00f6glichen, sich selbstbestimmt den Weg ihrer Schwangerschaft und Geburt zu gestalten. Unsere Kurse vereinen interessantes Wissen mit praktischen \u00dcbungen und der M\u00f6glichkeit, eigene Themen einzubringen. Wir helfen Ihnen, die Signale Ihres K\u00f6rpers zu sp\u00fcren, damit Verbindung zu Ihrem Kind entstehen kann. Und wir unterst\u00fctzen Sie und Ihren Partner ein sich st\u00e4rkendes Team in dieser besonderen Zeit Ihres Lebens zu sein.<\/p>\n\n\n\n<p>Wir freuen uns auf ein paar sch\u00f6ne Stunden mit Ihnen!<\/p>\n\n\n\n<p>Die&nbsp;Kosten f\u00fcr schwangere Frauen werden von den Krankenkassen bezahlt. Wenn Sie privat versichert sind, fragen Sie bitte bei Ihrer Versicherung nach \u2013 manchmal ist die Geburtsvorbereitung nicht in die Leistungen Ihrer Versicherung eingeschlossen.<br>Die Partner treffen sich am 2. Kursabend in einer reinen M\u00e4nnergruppe mit Christoph Beller als Moderator und erfahrenem Vater, um sich in entspannter Runde (Feierabendgetr\u00e4nk) auszutauschen, Fragen zu stellen und Ausblicke zu bekommen. Dieser Abend ist fester Bestandteil des Kurses.<\/p>\n\n\n\n<p>Am 4. und 6. Kursabend nehmen die Paare gemeinsam am Kurs teil, Themen Geburt, Wochenbett, Eltern sein.<\/p>\n\n\n\n<p>Pro Partnerabend f\u00e4llt eine Geb\u00fchr von 20 \u20ac an<\/p>\n\n\n\n<div class=\"wpforms-container wpforms-container-full\" id=\"wpforms-1987\"><form id=\"wpforms-form-1987\" class=\"wpforms-validate wpforms-form\" data-formid=\"1987\" method=\"post\" enctype=\"multipart\/form-data\" action=\"\/index.php?rest_route=%2Fwp%2Fv2%2Fpages%2F2148\" data-token=\"6e2f30583a40caf253c6b3de9de40a1d\" data-token-time=\"1778247683\"><noscript class=\"wpforms-error-noscript\">Bitte aktiviere JavaScript in deinem Browser, um dieses Formular fertigzustellen.<\/noscript><div class=\"wpforms-field-container\"><div id=\"wpforms-1987-field_11-container\" class=\"wpforms-field wpforms-field-checkbox\" data-field-id=\"11\"><label class=\"wpforms-field-label\">Termine <span class=\"wpforms-required-label\">*<\/span><\/label><ul id=\"wpforms-1987-field_11\" class=\"wpforms-field-required\" data-choice-limit=\"1\"><li class=\"choice-14 depth-1\"><input type=\"checkbox\" id=\"wpforms-1987-field_11_14\" data-rule-check-limit=\"true\" name=\"wpforms[fields][11][]\" value=\"03.09.2026 - 15.10.2026 Geburtsvorbereitung f\u00fcr Erstgeb\u00e4rende 7 x 2 Stunden, jew. Donnerstags 18:00 Uhr bis 20:00 Uhr, 2 Paarabende Kursleitung: Heike Kralik, Hebamme\" required ><label class=\"wpforms-field-label-inline\" for=\"wpforms-1987-field_11_14\">03.09.2026 - 15.10.2026 Geburtsvorbereitung f\u00fcr Erstgeb\u00e4rende 7 x 2 Stunden, jew. Donnerstags 18:00 Uhr bis 20:00 Uhr, 2 Paarabende Kursleitung: Heike Kralik, Hebamme<\/label><\/li><\/ul><\/div><div id=\"wpforms-1987-field_0-container\" class=\"wpforms-field wpforms-field-name\" data-field-id=\"0\"><label class=\"wpforms-field-label\">Name <span class=\"wpforms-required-label\">*<\/span><\/label><div class=\"wpforms-field-row wpforms-field-medium\"><div class=\"wpforms-field-row-block wpforms-first wpforms-one-half\"><input type=\"text\" id=\"wpforms-1987-field_0\" class=\"wpforms-field-name-first wpforms-field-required\" name=\"wpforms[fields][0][first]\" required><label for=\"wpforms-1987-field_0\" class=\"wpforms-field-sublabel after\">Vorname<\/label><\/div><div class=\"wpforms-field-row-block wpforms-one-half\"><input type=\"text\" id=\"wpforms-1987-field_0-last\" class=\"wpforms-field-name-last wpforms-field-required\" name=\"wpforms[fields][0][last]\" required><label for=\"wpforms-1987-field_0-last\" class=\"wpforms-field-sublabel after\">Nachname<\/label><\/div><\/div><\/div><div id=\"wpforms-1987-field_1-container\" class=\"wpforms-field wpforms-field-email\" data-field-id=\"1\"><label class=\"wpforms-field-label\" for=\"wpforms-1987-field_1\">E-Mail <span class=\"wpforms-required-label\">*<\/span><\/label><input type=\"email\" id=\"wpforms-1987-field_1\" class=\"wpforms-field-medium wpforms-field-required\" name=\"wpforms[fields][1]\" spellcheck=\"false\" required><\/div><div id=\"wpforms-1987-field_5-container\" class=\"wpforms-field wpforms-field-text\" data-field-id=\"5\"><label class=\"wpforms-field-label\" for=\"wpforms-1987-field_5\">Telefon <span class=\"wpforms-required-label\">*<\/span><\/label><input type=\"text\" id=\"wpforms-1987-field_5\" class=\"wpforms-field-medium wpforms-field-required\" name=\"wpforms[fields][5]\" required><\/div><div id=\"wpforms-1987-field_6-container\" class=\"wpforms-field wpforms-field-text\" data-field-id=\"6\"><label class=\"wpforms-field-label\" for=\"wpforms-1987-field_6\">Errechneter Entbindungstermin <span class=\"wpforms-required-label\">*<\/span><\/label><input type=\"text\" id=\"wpforms-1987-field_6\" class=\"wpforms-field-medium wpforms-field-required\" name=\"wpforms[fields][6]\" required><\/div><div id=\"wpforms-1987-field_10-container\" class=\"wpforms-field wpforms-field-checkbox\" data-field-id=\"10\"><label class=\"wpforms-field-label\">Kinder <span class=\"wpforms-required-label\">*<\/span><\/label><ul id=\"wpforms-1987-field_10\" class=\"wpforms-field-required\"><li class=\"choice-1 depth-1\"><input type=\"checkbox\" id=\"wpforms-1987-field_10_1\" name=\"wpforms[fields][10][]\" value=\"Ich habe noch keine Kinder\" required ><label class=\"wpforms-field-label-inline\" for=\"wpforms-1987-field_10_1\">Ich habe noch keine Kinder<\/label><\/li><\/ul><\/div><div id=\"wpforms-1987-field_2-container\" class=\"wpforms-field wpforms-field-textarea\" data-field-id=\"2\"><label class=\"wpforms-field-label\" for=\"wpforms-1987-field_2\">Nachricht<\/label><textarea id=\"wpforms-1987-field_2\" class=\"wpforms-field-medium\" name=\"wpforms[fields][2]\" ><\/textarea><\/div><div id=\"wpforms-1987-field_8-container\" class=\"wpforms-field wpforms-field-gdpr-checkbox\" data-field-id=\"8\"><label class=\"wpforms-field-label\">DSGVO-Einverst\u00e4ndnis <span class=\"wpforms-required-label\">*<\/span><\/label><ul id=\"wpforms-1987-field_8\" class=\"wpforms-field-required\"><li class=\"choice-1\"><input type=\"checkbox\" id=\"wpforms-1987-field_8_1\" name=\"wpforms[fields][8][]\" value=\"Ich willige ein, dass diese Website meine \u00fcbermittelten Informationen speichert, sodass meine Anfrage beantwortet werden kann.\" required ><label class=\"wpforms-field-label-inline\" for=\"wpforms-1987-field_8_1\">Ich willige ein, dass diese Website meine \u00fcbermittelten Informationen speichert, sodass meine Anfrage beantwortet werden kann.<\/label><\/li><\/ul><\/div><\/div><!-- .wpforms-field-container --><div class=\"wpforms-submit-container\" ><input type=\"hidden\" name=\"wpforms[id]\" value=\"1987\"><input type=\"hidden\" name=\"page_title\" value=\"\"><input type=\"hidden\" name=\"page_url\" value=\"https:\/\/hebammenpraxis-am-steinlein.de\/index.php?rest_route=\/wp\/v2\/pages\/2148\"><input type=\"hidden\" name=\"url_referer\" value=\"\"><button type=\"submit\" name=\"wpforms[submit]\" id=\"wpforms-submit-1987\" class=\"wpforms-submit\" data-alt-text=\"Senden...\" data-submit-text=\"Absenden\" aria-live=\"assertive\" value=\"wpforms-submit\">Absenden<\/button><\/div><\/form><\/div>  <!-- .wpforms-container -->\n","protected":false},"excerpt":{"rendered":"<p>Kursleitung: Heike Kralik, Hebamme In unserem Geburtsvorbereitungskurs m\u00f6chten wir Sie nicht einfach nur informieren, sondern Ihnen erm\u00f6glichen, sich selbstbestimmt den Weg ihrer [&hellip;]<\/p>\n","protected":false},"author":3,"featured_media":0,"parent":0,"menu_order":0,"comment_status":"closed","ping_status":"closed","template":"","meta":{"footnotes":""},"class_list":["post-2148","page","type-page","status-publish","hentry"],"_links":{"self":[{"href":"https:\/\/hebammenpraxis-am-steinlein.de\/index.php?rest_route=\/wp\/v2\/pages\/2148","targetHints":{"allow":["GET"]}}],"collection":[{"href":"https:\/\/hebammenpraxis-am-steinlein.de\/index.php?rest_route=\/wp\/v2\/pages"}],"about":[{"href":"https:\/\/hebammenpraxis-am-steinlein.de\/index.php?rest_route=\/wp\/v2\/types\/page"}],"author":[{"embeddable":true,"href":"https:\/\/hebammenpraxis-am-steinlein.de\/index.php?rest_route=\/wp\/v2\/users\/3"}],"replies":[{"embeddable":true,"href":"https:\/\/hebammenpraxis-am-steinlein.de\/index.php?rest_route=%2Fwp%2Fv2%2Fcomments&post=2148"}],"version-history":[{"count":11,"href":"https:\/\/hebammenpraxis-am-steinlein.de\/index.php?rest_route=\/wp\/v2\/pages\/2148\/revisions"}],"predecessor-version":[{"id":3773,"href":"https:\/\/hebammenpraxis-am-steinlein.de\/index.php?rest_route=\/wp\/v2\/pages\/2148\/revisions\/3773"}],"wp:attachment":[{"href":"https:\/\/hebammenpraxis-am-steinlein.de\/index.php?rest_route=%2Fwp%2Fv2%2Fmedia&parent=2148"}],"curies":[{"name":"wp","href":"https:\/\/api.w.org\/{rel}","templated":true}]}}