{"id":2209,"date":"2021-11-11T17:11:15","date_gmt":"2021-11-11T15:11:15","guid":{"rendered":"https:\/\/hebammenpraxis-am-steinlein.de\/?page_id=2209"},"modified":"2024-12-12T11:38:38","modified_gmt":"2024-12-12T09:38:38","slug":"geburtsvorbereitung-fuer-mehrgebaerende","status":"publish","type":"page","link":"https:\/\/hebammenpraxis-am-steinlein.de\/?page_id=2209","title":{"rendered":"Geburtsvorbereitung f\u00fcr Zweit-und Mehrgeb\u00e4rende"},"content":{"rendered":"\n<p>Kursleitung: Elke Lamberts, Hebamme<\/p>\n<p>In unserem Geburtsvorbereitungskurs m\u00f6chten wir Sie nicht einfach nur informieren, sondern Ihnen erm\u00f6glichen, sich selbstbestimmt den Weg ihrer Schwangerschaft und Geburt zu gestalten. Unsere Kurse vereinen interessantes Wissen mit praktischen \u00dcbungen und der M\u00f6glichkeit eigene Themen einzubringen. Wir helfen Ihnen die Signale Ihres K\u00f6rpers zu sp\u00fcren, damit Verbindung zu Ihrem Kind entstehen kann. Und wir unterst\u00fctzen Sie und Ihren Partner ein sich st\u00e4rkendes Team in dieser besonderen Zeit Ihres Lebens zu sein.<\/p>\n<p>Wir freuen uns auf ein paar sch\u00f6ne Stunden mit Ihnen!<\/p>\n<p>Die\u00a0<strong>Kosten<\/strong>\u00a0f\u00fcr schwangere Frauen werden von den Krankenkassen bezahlt. Wenn Sie privat versichert sind, fragen Sie bitte bei Ihrer Versicherung nach \u2013 manchmal ist die Geburtsvorbereitung nicht in die Leistungen Ihrer Versicherung eingeschlossen.<br \/><strong>Partnergeb\u00fchr<\/strong>\u00a0f\u00fcr die Partnerabende: 30 Euro f\u00fcr 2 x 2 Stunden<\/p>\n<div class=\"wpforms-container wpforms-container-full\" id=\"wpforms-2207\"><form id=\"wpforms-form-2207\" class=\"wpforms-validate wpforms-form\" data-formid=\"2207\" method=\"post\" enctype=\"multipart\/form-data\" action=\"\/index.php?rest_route=%2Fwp%2Fv2%2Fpages%2F2209\" data-token=\"98b0e0d3c5ad1437cbf7e5f2771fb5e3\" data-token-time=\"1777720243\"><noscript class=\"wpforms-error-noscript\">Bitte aktiviere JavaScript in deinem Browser, um dieses Formular fertigzustellen.<\/noscript><div class=\"wpforms-field-container\"><div id=\"wpforms-2207-field_13-container\" class=\"wpforms-field wpforms-field-checkbox\" data-field-id=\"13\"><label class=\"wpforms-field-label\">Kursanmeldung<\/label><ul id=\"wpforms-2207-field_13\"><li class=\"choice-6 depth-1\"><input type=\"checkbox\" id=\"wpforms-2207-field_13_6\" name=\"wpforms[fields][13][]\" value=\"14.April -19.Mai 26, 17.30-19.00  6x 90 min - Geburtsvorbereitungskurs f\u00fcr Mehrgeb\u00e4rende\"  ><label class=\"wpforms-field-label-inline\" for=\"wpforms-2207-field_13_6\">14.April -19.Mai 26, 17.30-19.00  6x 90 min - Geburtsvorbereitungskurs f\u00fcr Mehrgeb\u00e4rende<\/label><\/li><\/ul><\/div><div id=\"wpforms-2207-field_0-container\" class=\"wpforms-field wpforms-field-name\" data-field-id=\"0\"><label class=\"wpforms-field-label\">Name <span class=\"wpforms-required-label\">*<\/span><\/label><div class=\"wpforms-field-row wpforms-field-medium\"><div class=\"wpforms-field-row-block wpforms-first wpforms-one-half\"><input type=\"text\" id=\"wpforms-2207-field_0\" class=\"wpforms-field-name-first wpforms-field-required\" name=\"wpforms[fields][0][first]\" required><label for=\"wpforms-2207-field_0\" class=\"wpforms-field-sublabel after\">Vorname<\/label><\/div><div class=\"wpforms-field-row-block wpforms-one-half\"><input type=\"text\" id=\"wpforms-2207-field_0-last\" class=\"wpforms-field-name-last wpforms-field-required\" name=\"wpforms[fields][0][last]\" required><label for=\"wpforms-2207-field_0-last\" class=\"wpforms-field-sublabel after\">Nachname<\/label><\/div><\/div><\/div><div id=\"wpforms-2207-field_1-container\" class=\"wpforms-field wpforms-field-email\" data-field-id=\"1\"><label class=\"wpforms-field-label\" for=\"wpforms-2207-field_1\">E-Mail <span class=\"wpforms-required-label\">*<\/span><\/label><input type=\"email\" id=\"wpforms-2207-field_1\" class=\"wpforms-field-medium wpforms-field-required\" name=\"wpforms[fields][1]\" spellcheck=\"false\" required><\/div><div id=\"wpforms-2207-field_5-container\" class=\"wpforms-field wpforms-field-text\" data-field-id=\"5\"><label class=\"wpforms-field-label\" for=\"wpforms-2207-field_5\">Telefon <span class=\"wpforms-required-label\">*<\/span><\/label><input type=\"text\" id=\"wpforms-2207-field_5\" class=\"wpforms-field-medium wpforms-field-required\" name=\"wpforms[fields][5]\" required><\/div><div id=\"wpforms-2207-field_4-container\" class=\"wpforms-field wpforms-field-checkbox\" data-field-id=\"4\"><label class=\"wpforms-field-label\">Kinder <span class=\"wpforms-required-label\">*<\/span><\/label><ul id=\"wpforms-2207-field_4\" class=\"wpforms-field-required\"><li class=\"choice-2 depth-1\"><input type=\"checkbox\" id=\"wpforms-2207-field_4_2\" name=\"wpforms[fields][4][]\" value=\"Ich habe bereits Kinder\" required ><label class=\"wpforms-field-label-inline\" for=\"wpforms-2207-field_4_2\">Ich habe bereits Kinder<\/label><\/li><\/ul><\/div><div id=\"wpforms-2207-field_2-container\" class=\"wpforms-field wpforms-field-textarea\" data-field-id=\"2\"><label class=\"wpforms-field-label\" for=\"wpforms-2207-field_2\">Nachricht<\/label><textarea id=\"wpforms-2207-field_2\" class=\"wpforms-field-medium\" name=\"wpforms[fields][2]\" ><\/textarea><\/div><div id=\"wpforms-2207-field_8-container\" class=\"wpforms-field wpforms-field-gdpr-checkbox\" data-field-id=\"8\"><label class=\"wpforms-field-label\">DSGVO-Einverst\u00e4ndnis <span class=\"wpforms-required-label\">*<\/span><\/label><ul id=\"wpforms-2207-field_8\" class=\"wpforms-field-required\"><li class=\"choice-1\"><input type=\"checkbox\" id=\"wpforms-2207-field_8_1\" name=\"wpforms[fields][8][]\" value=\"Ich willige ein, dass diese Website meine \u00fcbermittelten Informationen speichert, sodass meine Anfrage beantwortet werden kann.\" required ><label class=\"wpforms-field-label-inline\" for=\"wpforms-2207-field_8_1\">Ich willige ein, dass diese Website meine \u00fcbermittelten Informationen speichert, sodass meine Anfrage beantwortet werden kann.<\/label><\/li><\/ul><\/div><\/div><!-- .wpforms-field-container --><div class=\"wpforms-submit-container\" ><input type=\"hidden\" name=\"wpforms[id]\" value=\"2207\"><input type=\"hidden\" name=\"page_title\" value=\"\"><input type=\"hidden\" name=\"page_url\" value=\"https:\/\/hebammenpraxis-am-steinlein.de\/index.php?rest_route=\/wp\/v2\/pages\/2209\"><input type=\"hidden\" name=\"url_referer\" value=\"\"><button type=\"submit\" name=\"wpforms[submit]\" id=\"wpforms-submit-2207\" class=\"wpforms-submit\" data-alt-text=\"Senden...\" data-submit-text=\"Absenden\" aria-live=\"assertive\" value=\"wpforms-submit\">Absenden<\/button><\/div><\/form><\/div>  <!-- .wpforms-container -->\n","protected":false},"excerpt":{"rendered":"<p>Kursleitung: Elke Lamberts, Hebamme In unserem Geburtsvorbereitungskurs m\u00f6chten wir Sie nicht einfach nur informieren, sondern Ihnen erm\u00f6glichen, sich selbstbestimmt den Weg ihrer [&hellip;]<\/p>\n","protected":false},"author":3,"featured_media":0,"parent":0,"menu_order":0,"comment_status":"closed","ping_status":"closed","template":"","meta":{"footnotes":""},"class_list":["post-2209","page","type-page","status-publish","hentry"],"_links":{"self":[{"href":"https:\/\/hebammenpraxis-am-steinlein.de\/index.php?rest_route=\/wp\/v2\/pages\/2209","targetHints":{"allow":["GET"]}}],"collection":[{"href":"https:\/\/hebammenpraxis-am-steinlein.de\/index.php?rest_route=\/wp\/v2\/pages"}],"about":[{"href":"https:\/\/hebammenpraxis-am-steinlein.de\/index.php?rest_route=\/wp\/v2\/types\/page"}],"author":[{"embeddable":true,"href":"https:\/\/hebammenpraxis-am-steinlein.de\/index.php?rest_route=\/wp\/v2\/users\/3"}],"replies":[{"embeddable":true,"href":"https:\/\/hebammenpraxis-am-steinlein.de\/index.php?rest_route=%2Fwp%2Fv2%2Fcomments&post=2209"}],"version-history":[{"count":3,"href":"https:\/\/hebammenpraxis-am-steinlein.de\/index.php?rest_route=\/wp\/v2\/pages\/2209\/revisions"}],"predecessor-version":[{"id":2213,"href":"https:\/\/hebammenpraxis-am-steinlein.de\/index.php?rest_route=\/wp\/v2\/pages\/2209\/revisions\/2213"}],"wp:attachment":[{"href":"https:\/\/hebammenpraxis-am-steinlein.de\/index.php?rest_route=%2Fwp%2Fv2%2Fmedia&parent=2209"}],"curies":[{"name":"wp","href":"https:\/\/api.w.org\/{rel}","templated":true}]}}