{"id":2383,"date":"2022-06-01T11:32:29","date_gmt":"2022-06-01T09:32:29","guid":{"rendered":"https:\/\/hebammenpraxis-am-steinlein.de\/?page_id=2383"},"modified":"2024-02-28T11:32:45","modified_gmt":"2024-02-28T09:32:45","slug":"anmeldung-wobe","status":"publish","type":"page","link":"https:\/\/hebammenpraxis-am-steinlein.de\/?page_id=2383","title":{"rendered":"Anmeldung Wochenbettsprechstunde"},"content":{"rendered":"\n<p>Wochenbettsprechstunde bedeutet, dass Sie einen Termin mit einer Hebamme bei uns in der Hebammenpraxis am Steinlein wahrnehmen k\u00f6nnen.<\/p>\n<p>In unserer Wochenbettsprechstunde beraten wir Dich, wenn Du keine Hebamme gefunden hast oder wenn Eltern und Kind fit genug sind, um uns in der Praxis zu besuchen. Die Wochenbettsprechstunden ersetzen nicht die regul\u00e4re Wochenbettbetreuung.<\/p>\n<p>Bei Stillproblemen, zur Gewichtskontrolle oder Beratung zum Schlafen, bei Beschwerden bzw. allen anstehenden Themen und Fragen sind wir gerne f\u00fcr Euch da.<\/p>\n<p>Sie k\u00f6nnen die Sprechstundentermine auf unserer Homepage einsehen und m\u00fcssen sich dort, bis sp\u00e4testens drei Tage vorher, verbindlich anmelden. Die Hebamme ruft dann zur\u00fcck und gibt die genaue Uhrzeit durch.<br>Um den organisatorischen Aufwand m\u00f6glichst gering zu halten, bitten wir Sie, <a href=\"https:\/\/hebammenpraxis-am-steinlein.de\/wp-content\/download\/Formular-Anamnese.pdf\" target=\"_blank\" rel=\"noopener\" data-wplink-edit=\"true\">vorab unseren Anamnesebogen herunterzuladen<\/a>, auszuf\u00fcllen und zum Termin mitzubringen. <br>Bitte bringen Sie auch den Mutterpass, das Kinderuntersuchungsheft und ihre Krankenkassenkarte zum Termin mit.<br>F\u00fcr den Termin sind ca. 20-25 Minuten Zeit vorgesehen, es w\u00e4re vorteilhaft, wenn sie evtl. vorab Fragen oder Anliegen aufschreiben. Dar\u00fcber hinaus k\u00f6nnen wir bei Bedarf ihr Baby wiegen, den Nabel anschauen, die Geb\u00e4rmutterr\u00fcckbildung kontrollieren, allgemeine Still- und Ern\u00e4hrungstipps geben.<\/p>\n<p>Die&nbsp;<strong>Kosten<\/strong> f\u00fcr die Wochenbettsprechstunde werden von den Krankenkassen \u00fcbernommen. Wenn Sie privat versichert sind, fragen Sie bitte bei Ihrer Versicherung nach \u2013 manchmal ist die Wochenbettsprechstunde nicht in den Leistungen Ihrer Versicherung eingeschlossen.<\/p>\n<p>Egal, ob Sie privat oder gesetzlich versichert sind \u2013 Stunden, an denen Sie trotz verbindlicher Anmeldung nicht teilnehmen, werden uns nicht gezahlt und wir stellen sie Ihnen deshalb privat in Rechnung.<\/p>\n\n\n\n<h2><strong><span style=\"color: #ff0000;\">Montags,<\/span><\/strong> Hebamme Heike Kralik<\/h2>\n<div class=\"wpforms-container wpforms-container-full\" id=\"wpforms-2378\"><form id=\"wpforms-form-2378\" class=\"wpforms-validate wpforms-form\" data-formid=\"2378\" method=\"post\" enctype=\"multipart\/form-data\" action=\"\/index.php?rest_route=%2Fwp%2Fv2%2Fpages%2F2383\" data-token=\"9561925d8159978ce3832a0e07f3377b\" data-token-time=\"1777743536\"><noscript class=\"wpforms-error-noscript\">Bitte aktiviere JavaScript in deinem Browser, um dieses Formular fertigzustellen.<\/noscript><div class=\"wpforms-field-container\"><div id=\"wpforms-2378-field_11-container\" class=\"wpforms-field wpforms-field-checkbox\" data-field-id=\"11\"><label class=\"wpforms-field-label\">Termine <span class=\"wpforms-required-label\">*<\/span><\/label><ul id=\"wpforms-2378-field_11\" class=\"wpforms-field-required\"><li class=\"choice-3 depth-1\"><input type=\"checkbox\" id=\"wpforms-2378-field_11_3\" name=\"wpforms[fields][11][]\" value=\"immer Montags im Zeitfenster 13.30 bis 15.00. Bitte Wunschtermin angeben, Anmeldung sp\u00e4testens drei Tage vorher.\" required ><label class=\"wpforms-field-label-inline\" for=\"wpforms-2378-field_11_3\">immer Montags im Zeitfenster 13.30 bis 15.00. Bitte Wunschtermin angeben, Anmeldung sp\u00e4testens drei Tage vorher.<\/label><\/li><\/ul><\/div><div id=\"wpforms-2378-field_12-container\" class=\"wpforms-field wpforms-field-text\" data-field-id=\"12\"><label class=\"wpforms-field-label\" for=\"wpforms-2378-field_12\">Wunschtermin <span class=\"wpforms-required-label\">*<\/span><\/label><input type=\"text\" id=\"wpforms-2378-field_12\" class=\"wpforms-field-medium wpforms-field-required\" name=\"wpforms[fields][12]\" required><\/div><div id=\"wpforms-2378-field_0-container\" class=\"wpforms-field wpforms-field-name\" data-field-id=\"0\"><label class=\"wpforms-field-label\">Name <span class=\"wpforms-required-label\">*<\/span><\/label><div class=\"wpforms-field-row wpforms-field-medium\"><div class=\"wpforms-field-row-block wpforms-first wpforms-one-half\"><input type=\"text\" id=\"wpforms-2378-field_0\" class=\"wpforms-field-name-first wpforms-field-required\" name=\"wpforms[fields][0][first]\" required><label for=\"wpforms-2378-field_0\" class=\"wpforms-field-sublabel after\">Vorname<\/label><\/div><div class=\"wpforms-field-row-block wpforms-one-half\"><input type=\"text\" id=\"wpforms-2378-field_0-last\" class=\"wpforms-field-name-last wpforms-field-required\" name=\"wpforms[fields][0][last]\" required><label for=\"wpforms-2378-field_0-last\" class=\"wpforms-field-sublabel after\">Nachname<\/label><\/div><\/div><\/div><div id=\"wpforms-2378-field_1-container\" class=\"wpforms-field wpforms-field-email\" data-field-id=\"1\"><label class=\"wpforms-field-label\" for=\"wpforms-2378-field_1\">E-Mail <span class=\"wpforms-required-label\">*<\/span><\/label><input type=\"email\" id=\"wpforms-2378-field_1\" class=\"wpforms-field-medium wpforms-field-required\" name=\"wpforms[fields][1]\" spellcheck=\"false\" required><\/div><div id=\"wpforms-2378-field_5-container\" class=\"wpforms-field wpforms-field-text\" data-field-id=\"5\"><label class=\"wpforms-field-label\" for=\"wpforms-2378-field_5\">Telefon <span class=\"wpforms-required-label\">*<\/span><\/label><input type=\"text\" id=\"wpforms-2378-field_5\" class=\"wpforms-field-medium wpforms-field-required\" name=\"wpforms[fields][5]\" required><\/div><div id=\"wpforms-2378-field_6-container\" class=\"wpforms-field wpforms-field-text\" data-field-id=\"6\"><label class=\"wpforms-field-label\" for=\"wpforms-2378-field_6\">Geburtstermin war am <span class=\"wpforms-required-label\">*<\/span><\/label><input type=\"text\" id=\"wpforms-2378-field_6\" class=\"wpforms-field-medium wpforms-field-required\" name=\"wpforms[fields][6]\" required><\/div><div id=\"wpforms-2378-field_2-container\" class=\"wpforms-field wpforms-field-textarea\" data-field-id=\"2\"><label class=\"wpforms-field-label\" for=\"wpforms-2378-field_2\">Nachricht<\/label><textarea id=\"wpforms-2378-field_2\" class=\"wpforms-field-medium\" name=\"wpforms[fields][2]\" ><\/textarea><\/div><div id=\"wpforms-2378-field_8-container\" class=\"wpforms-field wpforms-field-gdpr-checkbox\" data-field-id=\"8\"><label class=\"wpforms-field-label\">DSGVO-Einverst\u00e4ndnis <span class=\"wpforms-required-label\">*<\/span><\/label><ul id=\"wpforms-2378-field_8\" class=\"wpforms-field-required\"><li class=\"choice-1\"><input type=\"checkbox\" id=\"wpforms-2378-field_8_1\" name=\"wpforms[fields][8][]\" value=\"Ich willige ein, dass diese Website meine \u00fcbermittelten Informationen speichert, sodass meine Anfrage beantwortet werden kann.\" required ><label class=\"wpforms-field-label-inline\" for=\"wpforms-2378-field_8_1\">Ich willige ein, dass diese Website meine \u00fcbermittelten Informationen speichert, sodass meine Anfrage beantwortet werden kann.<\/label><\/li><\/ul><\/div><\/div><!-- .wpforms-field-container --><div class=\"wpforms-submit-container\" ><input type=\"hidden\" name=\"wpforms[id]\" value=\"2378\"><input type=\"hidden\" name=\"page_title\" value=\"\"><input type=\"hidden\" name=\"page_url\" value=\"https:\/\/hebammenpraxis-am-steinlein.de\/index.php?rest_route=\/wp\/v2\/pages\/2383\"><input type=\"hidden\" name=\"url_referer\" value=\"\"><button type=\"submit\" name=\"wpforms[submit]\" id=\"wpforms-submit-2378\" class=\"wpforms-submit\" data-alt-text=\"Senden...\" data-submit-text=\"Absenden\" aria-live=\"assertive\" value=\"wpforms-submit\">Absenden<\/button><\/div><\/form><\/div>  <!-- .wpforms-container -->\n<p>\u00a0<\/p>\n<h2><strong><span style=\"color: #ff0000;\">Mittwochs,<\/span><\/strong> Hebamme Pamela Waschinger<\/h2>\n<div class=\"wpforms-container wpforms-container-full\" id=\"wpforms-2367\"><form id=\"wpforms-form-2367\" class=\"wpforms-validate wpforms-form\" data-formid=\"2367\" method=\"post\" enctype=\"multipart\/form-data\" action=\"\/index.php?rest_route=%2Fwp%2Fv2%2Fpages%2F2383\" data-token=\"c523bed319ed97fb4b718436ee876717\" data-token-time=\"1777743536\"><noscript class=\"wpforms-error-noscript\">Bitte aktiviere JavaScript in deinem Browser, um dieses Formular fertigzustellen.<\/noscript><div class=\"wpforms-field-container\"><div id=\"wpforms-2367-field_11-container\" class=\"wpforms-field wpforms-field-checkbox\" data-field-id=\"11\"><label class=\"wpforms-field-label\">Termine <span class=\"wpforms-required-label\">*<\/span><\/label><ul id=\"wpforms-2367-field_11\" class=\"wpforms-field-required\"><li class=\"choice-3 depth-1\"><input type=\"checkbox\" id=\"wpforms-2367-field_11_3\" name=\"wpforms[fields][11][]\" value=\"Mittwochs im Zeitfenster 13.00 bis 14.30. Bitte Wunschtermin angeben.  Anmeldung sp\u00e4testens drei Tage vorher.\" required ><label class=\"wpforms-field-label-inline\" for=\"wpforms-2367-field_11_3\">Mittwochs im Zeitfenster 13.00 bis 14.30. Bitte Wunschtermin angeben.  Anmeldung sp\u00e4testens drei Tage vorher.<\/label><\/li><\/ul><\/div><div id=\"wpforms-2367-field_12-container\" class=\"wpforms-field wpforms-field-text\" data-field-id=\"12\"><label class=\"wpforms-field-label\" for=\"wpforms-2367-field_12\">Wunschtermin<\/label><input type=\"text\" id=\"wpforms-2367-field_12\" class=\"wpforms-field-medium\" name=\"wpforms[fields][12]\" ><\/div><div id=\"wpforms-2367-field_0-container\" class=\"wpforms-field wpforms-field-name\" data-field-id=\"0\"><label class=\"wpforms-field-label\">Name <span class=\"wpforms-required-label\">*<\/span><\/label><div class=\"wpforms-field-row wpforms-field-medium\"><div class=\"wpforms-field-row-block wpforms-first wpforms-one-half\"><input type=\"text\" id=\"wpforms-2367-field_0\" class=\"wpforms-field-name-first wpforms-field-required\" name=\"wpforms[fields][0][first]\" required><label for=\"wpforms-2367-field_0\" class=\"wpforms-field-sublabel after\">Vorname<\/label><\/div><div class=\"wpforms-field-row-block wpforms-one-half\"><input type=\"text\" id=\"wpforms-2367-field_0-last\" class=\"wpforms-field-name-last wpforms-field-required\" name=\"wpforms[fields][0][last]\" required><label for=\"wpforms-2367-field_0-last\" class=\"wpforms-field-sublabel after\">Nachname<\/label><\/div><\/div><\/div><div id=\"wpforms-2367-field_1-container\" class=\"wpforms-field wpforms-field-email\" data-field-id=\"1\"><label class=\"wpforms-field-label\" for=\"wpforms-2367-field_1\">E-Mail <span class=\"wpforms-required-label\">*<\/span><\/label><input type=\"email\" id=\"wpforms-2367-field_1\" class=\"wpforms-field-medium wpforms-field-required\" name=\"wpforms[fields][1]\" spellcheck=\"false\" required><\/div><div id=\"wpforms-2367-field_5-container\" class=\"wpforms-field wpforms-field-text\" data-field-id=\"5\"><label class=\"wpforms-field-label\" for=\"wpforms-2367-field_5\">Telefon <span class=\"wpforms-required-label\">*<\/span><\/label><input type=\"text\" id=\"wpforms-2367-field_5\" class=\"wpforms-field-medium wpforms-field-required\" name=\"wpforms[fields][5]\" required><\/div><div id=\"wpforms-2367-field_6-container\" class=\"wpforms-field wpforms-field-text\" data-field-id=\"6\"><label class=\"wpforms-field-label\" for=\"wpforms-2367-field_6\">Geburtstermin war am <span class=\"wpforms-required-label\">*<\/span><\/label><input type=\"text\" id=\"wpforms-2367-field_6\" class=\"wpforms-field-medium wpforms-field-required\" name=\"wpforms[fields][6]\" required><\/div><div id=\"wpforms-2367-field_2-container\" class=\"wpforms-field wpforms-field-textarea\" data-field-id=\"2\"><label class=\"wpforms-field-label\" for=\"wpforms-2367-field_2\">Nachricht<\/label><textarea id=\"wpforms-2367-field_2\" class=\"wpforms-field-medium\" name=\"wpforms[fields][2]\" ><\/textarea><\/div><div id=\"wpforms-2367-field_8-container\" class=\"wpforms-field wpforms-field-gdpr-checkbox\" data-field-id=\"8\"><label class=\"wpforms-field-label\">DSGVO-Einverst\u00e4ndnis <span class=\"wpforms-required-label\">*<\/span><\/label><ul id=\"wpforms-2367-field_8\" class=\"wpforms-field-required\"><li class=\"choice-1\"><input type=\"checkbox\" id=\"wpforms-2367-field_8_1\" name=\"wpforms[fields][8][]\" value=\"Ich willige ein, dass diese Website meine \u00fcbermittelten Informationen speichert, sodass meine Anfrage beantwortet werden kann.\" required ><label class=\"wpforms-field-label-inline\" for=\"wpforms-2367-field_8_1\">Ich willige ein, dass diese Website meine \u00fcbermittelten Informationen speichert, sodass meine Anfrage beantwortet werden kann.<\/label><\/li><\/ul><\/div><\/div><!-- .wpforms-field-container --><div class=\"wpforms-submit-container\" ><input type=\"hidden\" name=\"wpforms[id]\" value=\"2367\"><input type=\"hidden\" name=\"page_title\" value=\"\"><input type=\"hidden\" name=\"page_url\" value=\"https:\/\/hebammenpraxis-am-steinlein.de\/index.php?rest_route=\/wp\/v2\/pages\/2383\"><input type=\"hidden\" name=\"url_referer\" value=\"\"><button type=\"submit\" name=\"wpforms[submit]\" id=\"wpforms-submit-2367\" class=\"wpforms-submit\" data-alt-text=\"Senden...\" data-submit-text=\"Absenden\" aria-live=\"assertive\" value=\"wpforms-submit\">Absenden<\/button><\/div><\/form><\/div>  <!-- .wpforms-container -->\n<p>\u00a0<\/p>\n<h2><strong><span style=\"color: #ff0000;\">Freitags,<\/span><\/strong> Hebamme Nadine Konstantinidis<\/h2>\n<div class=\"wpforms-container wpforms-container-full\" id=\"wpforms-2372\"><form id=\"wpforms-form-2372\" class=\"wpforms-validate wpforms-form\" data-formid=\"2372\" method=\"post\" enctype=\"multipart\/form-data\" action=\"\/index.php?rest_route=%2Fwp%2Fv2%2Fpages%2F2383\" data-token=\"afb15a443e6b073a06a5182811d7e9c9\" data-token-time=\"1777743536\"><noscript class=\"wpforms-error-noscript\">Bitte aktiviere JavaScript in deinem Browser, um dieses Formular fertigzustellen.<\/noscript><div class=\"wpforms-field-container\"><div id=\"wpforms-2372-field_11-container\" class=\"wpforms-field wpforms-field-checkbox\" data-field-id=\"11\"><label class=\"wpforms-field-label\">Termine <span class=\"wpforms-required-label\">*<\/span><\/label><ul id=\"wpforms-2372-field_11\" class=\"wpforms-field-required\"><li class=\"choice-3 depth-1\"><input type=\"checkbox\" id=\"wpforms-2372-field_11_3\" name=\"wpforms[fields][11][]\" value=\"Freitags im Zeitfenster 11.45 bis 13.15. Bitte Wunschtermin angeben.  Anmeldung sp\u00e4testens drei Tage vorher.\" required ><label class=\"wpforms-field-label-inline\" for=\"wpforms-2372-field_11_3\">Freitags im Zeitfenster 11.45 bis 13.15. Bitte Wunschtermin angeben.  Anmeldung sp\u00e4testens drei Tage vorher.<\/label><\/li><\/ul><\/div><div id=\"wpforms-2372-field_12-container\" class=\"wpforms-field wpforms-field-text\" data-field-id=\"12\"><label class=\"wpforms-field-label\" for=\"wpforms-2372-field_12\">Wunschtermin <span class=\"wpforms-required-label\">*<\/span><\/label><input type=\"text\" id=\"wpforms-2372-field_12\" class=\"wpforms-field-medium wpforms-field-required\" name=\"wpforms[fields][12]\" required><\/div><div id=\"wpforms-2372-field_0-container\" class=\"wpforms-field wpforms-field-name\" data-field-id=\"0\"><label class=\"wpforms-field-label\">Name <span class=\"wpforms-required-label\">*<\/span><\/label><div class=\"wpforms-field-row wpforms-field-medium\"><div class=\"wpforms-field-row-block wpforms-first wpforms-one-half\"><input type=\"text\" id=\"wpforms-2372-field_0\" class=\"wpforms-field-name-first wpforms-field-required\" name=\"wpforms[fields][0][first]\" required><label for=\"wpforms-2372-field_0\" class=\"wpforms-field-sublabel after\">Vorname<\/label><\/div><div class=\"wpforms-field-row-block wpforms-one-half\"><input type=\"text\" id=\"wpforms-2372-field_0-last\" class=\"wpforms-field-name-last wpforms-field-required\" name=\"wpforms[fields][0][last]\" required><label for=\"wpforms-2372-field_0-last\" class=\"wpforms-field-sublabel after\">Nachname<\/label><\/div><\/div><\/div><div id=\"wpforms-2372-field_1-container\" class=\"wpforms-field wpforms-field-email\" data-field-id=\"1\"><label class=\"wpforms-field-label\" for=\"wpforms-2372-field_1\">E-Mail <span class=\"wpforms-required-label\">*<\/span><\/label><input type=\"email\" id=\"wpforms-2372-field_1\" class=\"wpforms-field-medium wpforms-field-required\" name=\"wpforms[fields][1]\" spellcheck=\"false\" required><\/div><div id=\"wpforms-2372-field_5-container\" class=\"wpforms-field wpforms-field-text\" data-field-id=\"5\"><label class=\"wpforms-field-label\" for=\"wpforms-2372-field_5\">Telefon <span class=\"wpforms-required-label\">*<\/span><\/label><input type=\"text\" id=\"wpforms-2372-field_5\" class=\"wpforms-field-medium wpforms-field-required\" name=\"wpforms[fields][5]\" required><\/div><div id=\"wpforms-2372-field_6-container\" class=\"wpforms-field wpforms-field-text\" data-field-id=\"6\"><label class=\"wpforms-field-label\" for=\"wpforms-2372-field_6\">Geburtstermin war am <span class=\"wpforms-required-label\">*<\/span><\/label><input type=\"text\" id=\"wpforms-2372-field_6\" class=\"wpforms-field-medium wpforms-field-required\" name=\"wpforms[fields][6]\" required><\/div><div id=\"wpforms-2372-field_2-container\" class=\"wpforms-field wpforms-field-textarea\" data-field-id=\"2\"><label class=\"wpforms-field-label\" for=\"wpforms-2372-field_2\">Nachricht<\/label><textarea id=\"wpforms-2372-field_2\" class=\"wpforms-field-medium\" name=\"wpforms[fields][2]\" ><\/textarea><\/div><div id=\"wpforms-2372-field_8-container\" class=\"wpforms-field wpforms-field-gdpr-checkbox\" data-field-id=\"8\"><label class=\"wpforms-field-label\">DSGVO-Einverst\u00e4ndnis <span class=\"wpforms-required-label\">*<\/span><\/label><ul id=\"wpforms-2372-field_8\" class=\"wpforms-field-required\"><li class=\"choice-1\"><input type=\"checkbox\" id=\"wpforms-2372-field_8_1\" name=\"wpforms[fields][8][]\" value=\"Ich willige ein, dass diese Website meine \u00fcbermittelten Informationen speichert, sodass meine Anfrage beantwortet werden kann.\" required ><label class=\"wpforms-field-label-inline\" for=\"wpforms-2372-field_8_1\">Ich willige ein, dass diese Website meine \u00fcbermittelten Informationen speichert, sodass meine Anfrage beantwortet werden kann.<\/label><\/li><\/ul><\/div><\/div><!-- .wpforms-field-container --><div class=\"wpforms-submit-container\" ><input type=\"hidden\" name=\"wpforms[id]\" value=\"2372\"><input type=\"hidden\" name=\"page_title\" value=\"\"><input type=\"hidden\" name=\"page_url\" value=\"https:\/\/hebammenpraxis-am-steinlein.de\/index.php?rest_route=\/wp\/v2\/pages\/2383\"><input type=\"hidden\" name=\"url_referer\" value=\"\"><button type=\"submit\" name=\"wpforms[submit]\" id=\"wpforms-submit-2372\" class=\"wpforms-submit\" data-alt-text=\"Senden...\" data-submit-text=\"Absenden\" aria-live=\"assertive\" value=\"wpforms-submit\">Absenden<\/button><\/div><\/form><\/div>  <!-- .wpforms-container -->\n","protected":false},"excerpt":{"rendered":"<p>Wochenbettsprechstunde bedeutet, dass Sie einen Termin mit einer Hebamme bei uns in der Hebammenpraxis am Steinlein wahrnehmen k\u00f6nnen. In unserer Wochenbettsprechstunde beraten [&hellip;]<\/p>\n","protected":false},"author":3,"featured_media":0,"parent":0,"menu_order":0,"comment_status":"closed","ping_status":"closed","template":"","meta":{"footnotes":""},"class_list":["post-2383","page","type-page","status-publish","hentry"],"_links":{"self":[{"href":"https:\/\/hebammenpraxis-am-steinlein.de\/index.php?rest_route=\/wp\/v2\/pages\/2383","targetHints":{"allow":["GET"]}}],"collection":[{"href":"https:\/\/hebammenpraxis-am-steinlein.de\/index.php?rest_route=\/wp\/v2\/pages"}],"about":[{"href":"https:\/\/hebammenpraxis-am-steinlein.de\/index.php?rest_route=\/wp\/v2\/types\/page"}],"author":[{"embeddable":true,"href":"https:\/\/hebammenpraxis-am-steinlein.de\/index.php?rest_route=\/wp\/v2\/users\/3"}],"replies":[{"embeddable":true,"href":"https:\/\/hebammenpraxis-am-steinlein.de\/index.php?rest_route=%2Fwp%2Fv2%2Fcomments&post=2383"}],"version-history":[{"count":8,"href":"https:\/\/hebammenpraxis-am-steinlein.de\/index.php?rest_route=\/wp\/v2\/pages\/2383\/revisions"}],"predecessor-version":[{"id":3518,"href":"https:\/\/hebammenpraxis-am-steinlein.de\/index.php?rest_route=\/wp\/v2\/pages\/2383\/revisions\/3518"}],"wp:attachment":[{"href":"https:\/\/hebammenpraxis-am-steinlein.de\/index.php?rest_route=%2Fwp%2Fv2%2Fmedia&parent=2383"}],"curies":[{"name":"wp","href":"https:\/\/api.w.org\/{rel}","templated":true}]}}