{"id":2527,"date":"2022-10-27T18:22:26","date_gmt":"2022-10-27T16:22:26","guid":{"rendered":"https:\/\/hebammenpraxis-am-steinlein.de\/?page_id=2527"},"modified":"2025-06-26T10:50:03","modified_gmt":"2025-06-26T08:50:03","slug":"anmeldung-rg-2-3","status":"publish","type":"page","link":"https:\/\/hebammenpraxis-am-steinlein.de\/?page_id=2527","title":{"rendered":"Wochenendkurs Geburtsvorbereitung"},"content":{"rendered":"\n<p><strong>Kursleitung: Pamela Waschinger, Hebamme<\/strong><\/p>\n<p>In unserem Wochenendkurs m\u00f6chten wir Sie nicht einfach nur informieren, sondern Ihnen erm\u00f6glichen, selbst bestimmt den Weg ihrer Schwangerschaft und Geburt zu gestalten. Unsere Kurse vereinen interessantes Wissen mit praktischen \u00dcbungen und der M\u00f6glichkeit, eigene Themen einzubringen. Wir helfen Ihnen, die Signale Ihres K\u00f6rpers zu sp\u00fcren, damit Verbindung zu Ihrem Kind entstehen kann. Und wir unterst\u00fctzen Sie und Ihren Partner ein sich st\u00e4rkendes Team in dieser besonderen Zeit Ihres Lebens zu sein. Sa \/ So jeweils 10-17 Uhr Samstags nur Frauen, Sonntag mit Partner*innen<\/p>\n<p>Wir freuen uns auf ein paar sch\u00f6ne Stunden mit Ihnen!<\/p>\n<p>Die\u00a0<strong>Kosten<\/strong>\u00a0f\u00fcr schwangere Frauen werden von den Krankenkassen bezahlt. Wenn Sie privat versichert sind, fragen Sie bitte bei Ihrer Versicherung nach \u2013 manchmal ist die Geburtsvorbereitung nicht in die Leistungen Ihrer Versicherung eingeschlossen.<br \/><strong>Partnergeb\u00fchr<\/strong>: 70 Euro\u00a0<\/p>\n\n\n\n<div class=\"wpforms-container wpforms-container-full\" id=\"wpforms-3259\"><form id=\"wpforms-form-3259\" class=\"wpforms-validate wpforms-form\" data-formid=\"3259\" method=\"post\" enctype=\"multipart\/form-data\" action=\"\/index.php?rest_route=%2Fwp%2Fv2%2Fpages%2F2527\" data-token=\"e04f3936eff3dee3a404f33e1a9141fe\" data-token-time=\"1778246689\"><noscript class=\"wpforms-error-noscript\">Bitte aktiviere JavaScript in deinem Browser, um dieses Formular fertigzustellen.<\/noscript><div class=\"wpforms-field-container\"><div id=\"wpforms-3259-field_11-container\" class=\"wpforms-field wpforms-field-checkbox\" data-field-id=\"11\"><label class=\"wpforms-field-label\">Termine <span class=\"wpforms-required-label\">*<\/span><\/label><ul id=\"wpforms-3259-field_11\" class=\"wpforms-field-required\" data-choice-limit=\"1\"><li class=\"choice-13 depth-1\"><input type=\"checkbox\" id=\"wpforms-3259-field_11_13\" data-rule-check-limit=\"true\" name=\"wpforms[fields][11][]\" value=\"01.+02.08.2026 Wochenendkurs Geburtsvorbereitung f\u00fcr Erstgeb\u00e4rende mit Hebamme Pamela Waschinger  Samstag\/ Sonntag 10-17 Uhr\" required ><label class=\"wpforms-field-label-inline\" for=\"wpforms-3259-field_11_13\">01.+02.08.2026 Wochenendkurs Geburtsvorbereitung f\u00fcr Erstgeb\u00e4rende mit Hebamme Pamela Waschinger  Samstag\/ Sonntag 10-17 Uhr<\/label><\/li><li class=\"choice-12 depth-1\"><input type=\"checkbox\" id=\"wpforms-3259-field_11_12\" data-rule-check-limit=\"true\" name=\"wpforms[fields][11][]\" value=\"28.+29.11.2026 Wochenendkurs Geburtsvorbereitung mit Hebamme Pamela Waschinger   Samstag\/ Sonntag 10-17 Uhr\" required ><label class=\"wpforms-field-label-inline\" for=\"wpforms-3259-field_11_12\">28.+29.11.2026 Wochenendkurs Geburtsvorbereitung mit Hebamme Pamela Waschinger   Samstag\/ Sonntag 10-17 Uhr<\/label><\/li><\/ul><\/div><div id=\"wpforms-3259-field_0-container\" class=\"wpforms-field wpforms-field-name\" data-field-id=\"0\"><label class=\"wpforms-field-label\">Name <span class=\"wpforms-required-label\">*<\/span><\/label><div class=\"wpforms-field-row wpforms-field-medium\"><div class=\"wpforms-field-row-block wpforms-first wpforms-one-half\"><input type=\"text\" id=\"wpforms-3259-field_0\" class=\"wpforms-field-name-first wpforms-field-required\" name=\"wpforms[fields][0][first]\" required><label for=\"wpforms-3259-field_0\" class=\"wpforms-field-sublabel after\">Vorname<\/label><\/div><div class=\"wpforms-field-row-block wpforms-one-half\"><input type=\"text\" id=\"wpforms-3259-field_0-last\" class=\"wpforms-field-name-last wpforms-field-required\" name=\"wpforms[fields][0][last]\" required><label for=\"wpforms-3259-field_0-last\" class=\"wpforms-field-sublabel after\">Nachname<\/label><\/div><\/div><\/div><div id=\"wpforms-3259-field_1-container\" class=\"wpforms-field wpforms-field-email\" data-field-id=\"1\"><label class=\"wpforms-field-label\" for=\"wpforms-3259-field_1\">E-Mail <span class=\"wpforms-required-label\">*<\/span><\/label><input type=\"email\" id=\"wpforms-3259-field_1\" class=\"wpforms-field-medium wpforms-field-required\" name=\"wpforms[fields][1]\" spellcheck=\"false\" required><\/div><div id=\"wpforms-3259-field_5-container\" class=\"wpforms-field wpforms-field-text\" data-field-id=\"5\"><label class=\"wpforms-field-label\" for=\"wpforms-3259-field_5\">Telefon <span class=\"wpforms-required-label\">*<\/span><\/label><input type=\"text\" id=\"wpforms-3259-field_5\" class=\"wpforms-field-medium wpforms-field-required\" name=\"wpforms[fields][5]\" required><\/div><div id=\"wpforms-3259-field_6-container\" class=\"wpforms-field wpforms-field-text\" data-field-id=\"6\"><label class=\"wpforms-field-label\" for=\"wpforms-3259-field_6\">Errechneter Entbindungstermin <span class=\"wpforms-required-label\">*<\/span><\/label><input type=\"text\" id=\"wpforms-3259-field_6\" class=\"wpforms-field-medium wpforms-field-required\" name=\"wpforms[fields][6]\" required><\/div><div id=\"wpforms-3259-field_2-container\" class=\"wpforms-field wpforms-field-textarea\" data-field-id=\"2\"><label class=\"wpforms-field-label\" for=\"wpforms-3259-field_2\">Nachricht<\/label><textarea id=\"wpforms-3259-field_2\" class=\"wpforms-field-medium\" name=\"wpforms[fields][2]\" ><\/textarea><\/div><div id=\"wpforms-3259-field_8-container\" class=\"wpforms-field wpforms-field-gdpr-checkbox\" data-field-id=\"8\"><label class=\"wpforms-field-label\">DSGVO-Einverst\u00e4ndnis <span class=\"wpforms-required-label\">*<\/span><\/label><ul id=\"wpforms-3259-field_8\" class=\"wpforms-field-required\"><li class=\"choice-1\"><input type=\"checkbox\" id=\"wpforms-3259-field_8_1\" name=\"wpforms[fields][8][]\" value=\"Ich willige ein, dass diese Website meine \u00fcbermittelten Informationen speichert, sodass meine Anfrage beantwortet werden kann.\" required ><label class=\"wpforms-field-label-inline\" for=\"wpforms-3259-field_8_1\">Ich willige ein, dass diese Website meine \u00fcbermittelten Informationen speichert, sodass meine Anfrage beantwortet werden kann.<\/label><\/li><\/ul><\/div><\/div><!-- .wpforms-field-container --><div class=\"wpforms-submit-container\" ><input type=\"hidden\" name=\"wpforms[id]\" value=\"3259\"><input type=\"hidden\" name=\"page_title\" value=\"\"><input type=\"hidden\" name=\"page_url\" value=\"https:\/\/hebammenpraxis-am-steinlein.de\/index.php?rest_route=\/wp\/v2\/pages\/2527\"><input type=\"hidden\" name=\"url_referer\" value=\"\"><button type=\"submit\" name=\"wpforms[submit]\" id=\"wpforms-submit-3259\" class=\"wpforms-submit\" data-alt-text=\"Senden...\" data-submit-text=\"Absenden\" aria-live=\"assertive\" value=\"wpforms-submit\">Absenden<\/button><\/div><\/form><\/div>  <!-- .wpforms-container -->\n","protected":false},"excerpt":{"rendered":"<p>Kursleitung: Pamela Waschinger, Hebamme In unserem Wochenendkurs m\u00f6chten wir Sie nicht einfach nur informieren, sondern Ihnen erm\u00f6glichen, selbst bestimmt den Weg ihrer [&hellip;]<\/p>\n","protected":false},"author":3,"featured_media":0,"parent":0,"menu_order":0,"comment_status":"closed","ping_status":"closed","template":"","meta":{"footnotes":""},"class_list":["post-2527","page","type-page","status-publish","hentry"],"_links":{"self":[{"href":"https:\/\/hebammenpraxis-am-steinlein.de\/index.php?rest_route=\/wp\/v2\/pages\/2527","targetHints":{"allow":["GET"]}}],"collection":[{"href":"https:\/\/hebammenpraxis-am-steinlein.de\/index.php?rest_route=\/wp\/v2\/pages"}],"about":[{"href":"https:\/\/hebammenpraxis-am-steinlein.de\/index.php?rest_route=\/wp\/v2\/types\/page"}],"author":[{"embeddable":true,"href":"https:\/\/hebammenpraxis-am-steinlein.de\/index.php?rest_route=\/wp\/v2\/users\/3"}],"replies":[{"embeddable":true,"href":"https:\/\/hebammenpraxis-am-steinlein.de\/index.php?rest_route=%2Fwp%2Fv2%2Fcomments&post=2527"}],"version-history":[{"count":5,"href":"https:\/\/hebammenpraxis-am-steinlein.de\/index.php?rest_route=\/wp\/v2\/pages\/2527\/revisions"}],"predecessor-version":[{"id":3451,"href":"https:\/\/hebammenpraxis-am-steinlein.de\/index.php?rest_route=\/wp\/v2\/pages\/2527\/revisions\/3451"}],"wp:attachment":[{"href":"https:\/\/hebammenpraxis-am-steinlein.de\/index.php?rest_route=%2Fwp%2Fv2%2Fmedia&parent=2527"}],"curies":[{"name":"wp","href":"https:\/\/api.w.org\/{rel}","templated":true}]}}