{"id":2849,"date":"2023-01-20T14:10:51","date_gmt":"2023-01-20T12:10:51","guid":{"rendered":"https:\/\/hebammenpraxis-am-steinlein.de\/?page_id=2849"},"modified":"2023-11-27T16:32:03","modified_gmt":"2023-11-27T14:32:03","slug":"anmeldung-rg-3-2","status":"publish","type":"page","link":"https:\/\/hebammenpraxis-am-steinlein.de\/?page_id=2849","title":{"rendered":"Pr\u00e4ventionskurs R\u00fcckbildung"},"content":{"rendered":"\n<p><strong>Kursleiterin: Ilka B\u00fcttner<\/strong><\/p>\n<p>Bei der R\u00fcckbildung geht es in unserem Kurs darum, die Muskulatur aller K\u00f6rperpartien zu st\u00e4rken. Besonders aber richtet sich das Augenmerk auf die St\u00e4rkung Ihres Beckenbodens, da dieser in der Schwangerschaft und unter der Geburt stark beansprucht worden ist. In den 8 Kurseinheiten freut sich Ihr K\u00f6rper, dass Sie ihm mittels Bewusstseins-, Sp\u00fcr-, Dehn- und Kr\u00e4ftigungs\u00fcbungen etwas Gutes tun. Dieser Kurs richtet sich speziell nur an Sie als Mutter. Starten Sie den Kurs bitte idealerweise ab der 8. Woche nach einer nat\u00fcrlichen Geburt. Nach einem Kaiserschnitt verschiebt sich der Beginn auf 10-12 Wochen nach der Geburt Ihres Kindes. Bitte bringen Sie f\u00fcr den Kurs bequeme, sportliche Kleidung, dicke Socken und ein gro\u00dfes Handtuch mit.<br \/>Wir freuen uns auf Sie!<\/p>\n<p>Die\u00a0<strong>Kosten<\/strong> f\u00fcr die R\u00fcckbildungsgymnastik werden meist von den Krankenkassen \u00fcbernommen. Bitte fragen Sie aber bei Ihrer Versicherung nach, denn manchmal ist die R\u00fcckbildungsgymnastik nicht in den Leistungen der Versicherung eingeschlossen oder es wird nur ein Teil der Kosten erstattet.<\/p>\n<p>Egal, ob Sie privat oder gesetzlich versichert sind \u2013 Stunden, an denen Sie nicht teilnehmen, werden uns nicht gezahlt und wir stellen sie Ihnen deshalb am Ende privat in Rechnung,<\/p>\n\n\n\n<div class=\"wpforms-container wpforms-container-full\" id=\"wpforms-2633\"><form id=\"wpforms-form-2633\" class=\"wpforms-validate wpforms-form\" data-formid=\"2633\" method=\"post\" enctype=\"multipart\/form-data\" action=\"\/index.php?rest_route=%2Fwp%2Fv2%2Fpages%2F2849\" data-token=\"c3a4ef4f99586802349395b184704f7f\" data-token-time=\"1777423548\"><noscript class=\"wpforms-error-noscript\">Bitte aktiviere JavaScript in deinem Browser, um dieses Formular fertigzustellen.<\/noscript><div class=\"wpforms-field-container\"><div id=\"wpforms-2633-field_11-container\" class=\"wpforms-field wpforms-field-checkbox\" data-field-id=\"11\"><label class=\"wpforms-field-label\">Termine <span class=\"wpforms-required-label\">*<\/span><\/label><ul id=\"wpforms-2633-field_11\" class=\"wpforms-field-required\" data-choice-limit=\"1\"><li class=\"choice-32 depth-1\"><input type=\"checkbox\" id=\"wpforms-2633-field_11_32\" data-rule-check-limit=\"true\" name=\"wpforms[fields][11][]\" value=\"Mi. 24.09.2025 -12.11.2025, 7 Termine, jew.  09:00 Uhr - 10:10 Uhr\" required ><label class=\"wpforms-field-label-inline\" for=\"wpforms-2633-field_11_32\">Mi. 24.09.2025 -12.11.2025, 7 Termine, jew.  09:00 Uhr - 10:10 Uhr<\/label><\/li><li class=\"choice-33 depth-1\"><input type=\"checkbox\" id=\"wpforms-2633-field_11_33\" data-rule-check-limit=\"true\" name=\"wpforms[fields][11][]\" value=\"Mi. 26.11.2025 -21.01.2026, 7 Termine, jew.  09:00 Uhr - 10:10 Uhr\" required ><label class=\"wpforms-field-label-inline\" for=\"wpforms-2633-field_11_33\">Mi. 26.11.2025 -21.01.2026, 7 Termine, jew.  09:00 Uhr - 10:10 Uhr<\/label><\/li><\/ul><\/div><div id=\"wpforms-2633-field_0-container\" class=\"wpforms-field wpforms-field-name\" data-field-id=\"0\"><label class=\"wpforms-field-label\">Name <span class=\"wpforms-required-label\">*<\/span><\/label><div class=\"wpforms-field-row wpforms-field-medium\"><div class=\"wpforms-field-row-block wpforms-first wpforms-one-half\"><input type=\"text\" id=\"wpforms-2633-field_0\" class=\"wpforms-field-name-first wpforms-field-required\" name=\"wpforms[fields][0][first]\" required><label for=\"wpforms-2633-field_0\" class=\"wpforms-field-sublabel after\">Vorname<\/label><\/div><div class=\"wpforms-field-row-block wpforms-one-half\"><input type=\"text\" id=\"wpforms-2633-field_0-last\" class=\"wpforms-field-name-last wpforms-field-required\" name=\"wpforms[fields][0][last]\" required><label for=\"wpforms-2633-field_0-last\" class=\"wpforms-field-sublabel after\">Nachname<\/label><\/div><\/div><\/div><div id=\"wpforms-2633-field_1-container\" class=\"wpforms-field wpforms-field-email\" data-field-id=\"1\"><label class=\"wpforms-field-label\" for=\"wpforms-2633-field_1\">E-Mail <span class=\"wpforms-required-label\">*<\/span><\/label><input type=\"email\" id=\"wpforms-2633-field_1\" class=\"wpforms-field-medium wpforms-field-required\" name=\"wpforms[fields][1]\" spellcheck=\"false\" required><\/div><div id=\"wpforms-2633-field_5-container\" class=\"wpforms-field wpforms-field-text\" data-field-id=\"5\"><label class=\"wpforms-field-label\" for=\"wpforms-2633-field_5\">Telefon <span class=\"wpforms-required-label\">*<\/span><\/label><input type=\"text\" id=\"wpforms-2633-field_5\" class=\"wpforms-field-medium wpforms-field-required\" name=\"wpforms[fields][5]\" required><\/div><div id=\"wpforms-2633-field_2-container\" class=\"wpforms-field wpforms-field-textarea\" data-field-id=\"2\"><label class=\"wpforms-field-label\" for=\"wpforms-2633-field_2\">Nachricht<\/label><textarea id=\"wpforms-2633-field_2\" class=\"wpforms-field-medium\" name=\"wpforms[fields][2]\" ><\/textarea><\/div><div id=\"wpforms-2633-field_8-container\" class=\"wpforms-field wpforms-field-gdpr-checkbox\" data-field-id=\"8\"><label class=\"wpforms-field-label\">DSGVO-Einverst\u00e4ndnis <span class=\"wpforms-required-label\">*<\/span><\/label><ul id=\"wpforms-2633-field_8\" class=\"wpforms-field-required\"><li class=\"choice-1\"><input type=\"checkbox\" id=\"wpforms-2633-field_8_1\" name=\"wpforms[fields][8][]\" value=\"Ich willige ein, dass diese Website meine \u00fcbermittelten Informationen speichert, sodass meine Anfrage beantwortet werden kann.\" required ><label class=\"wpforms-field-label-inline\" for=\"wpforms-2633-field_8_1\">Ich willige ein, dass diese Website meine \u00fcbermittelten Informationen speichert, sodass meine Anfrage beantwortet werden kann.<\/label><\/li><\/ul><\/div><\/div><!-- .wpforms-field-container --><div class=\"wpforms-submit-container\" ><input type=\"hidden\" name=\"wpforms[id]\" value=\"2633\"><input type=\"hidden\" name=\"page_title\" value=\"\"><input type=\"hidden\" name=\"page_url\" value=\"https:\/\/hebammenpraxis-am-steinlein.de\/index.php?rest_route=\/wp\/v2\/pages\/2849\"><input type=\"hidden\" name=\"url_referer\" value=\"\"><button type=\"submit\" name=\"wpforms[submit]\" id=\"wpforms-submit-2633\" class=\"wpforms-submit\" data-alt-text=\"Senden...\" data-submit-text=\"Absenden\" aria-live=\"assertive\" value=\"wpforms-submit\">Absenden<\/button><\/div><\/form><\/div>  <!-- .wpforms-container -->\n","protected":false},"excerpt":{"rendered":"<p>Kursleiterin: Ilka B\u00fcttner Bei der R\u00fcckbildung geht es in unserem Kurs darum, die Muskulatur aller K\u00f6rperpartien zu st\u00e4rken. Besonders aber richtet sich [&hellip;]<\/p>\n","protected":false},"author":3,"featured_media":0,"parent":0,"menu_order":0,"comment_status":"closed","ping_status":"closed","template":"","meta":{"footnotes":""},"class_list":["post-2849","page","type-page","status-publish","hentry"],"_links":{"self":[{"href":"https:\/\/hebammenpraxis-am-steinlein.de\/index.php?rest_route=\/wp\/v2\/pages\/2849","targetHints":{"allow":["GET"]}}],"collection":[{"href":"https:\/\/hebammenpraxis-am-steinlein.de\/index.php?rest_route=\/wp\/v2\/pages"}],"about":[{"href":"https:\/\/hebammenpraxis-am-steinlein.de\/index.php?rest_route=\/wp\/v2\/types\/page"}],"author":[{"embeddable":true,"href":"https:\/\/hebammenpraxis-am-steinlein.de\/index.php?rest_route=\/wp\/v2\/users\/3"}],"replies":[{"embeddable":true,"href":"https:\/\/hebammenpraxis-am-steinlein.de\/index.php?rest_route=%2Fwp%2Fv2%2Fcomments&post=2849"}],"version-history":[{"count":5,"href":"https:\/\/hebammenpraxis-am-steinlein.de\/index.php?rest_route=\/wp\/v2\/pages\/2849\/revisions"}],"predecessor-version":[{"id":2888,"href":"https:\/\/hebammenpraxis-am-steinlein.de\/index.php?rest_route=\/wp\/v2\/pages\/2849\/revisions\/2888"}],"wp:attachment":[{"href":"https:\/\/hebammenpraxis-am-steinlein.de\/index.php?rest_route=%2Fwp%2Fv2%2Fmedia&parent=2849"}],"curies":[{"name":"wp","href":"https:\/\/api.w.org\/{rel}","templated":true}]}}