{"id":2917,"date":"2023-03-07T16:17:38","date_gmt":"2023-03-07T14:17:38","guid":{"rendered":"https:\/\/hebammenpraxis-am-steinlein.de\/?page_id=2917"},"modified":"2024-01-06T13:15:01","modified_gmt":"2024-01-06T11:15:01","slug":"rueckbildungsgymnastik","status":"publish","type":"page","link":"https:\/\/hebammenpraxis-am-steinlein.de\/?page_id=2917","title":{"rendered":"<a href=\"https:\/\/hebammenpraxis-am-steinlein.de\/?p=13\"><strong>R\u00fcckbildungsgymnastik<\/strong><\/a>"},"content":{"rendered":"\n<p><strong>Kursleitung Hebamme Elke Lamberts<\/strong><\/p>\n\n\n\n<p>Der K\u00f6rper einer Frau muss in der Schwangerschaft enorme Anpassungsleistungen vollbringen! Bis sich alle Ver\u00e4nderungen, die die Schwangerschaft mit sich gebracht hat, wieder zur\u00fcckgebildet haben, dauert es viele Monate und vielleicht bleibt auch Manches davon bestehen.<\/p>\n\n\n\n<p>Man kann aber viel dazu beitragen, den K\u00f6rper bei den R\u00fcckbildungsvorg\u00e4ngen zu unterst\u00fctzen und die \u00fcberdehnte Muskulatur wieder zu kr\u00e4ftigen.<\/p>\n\n\n\n<p>Ein besonderes Augenmerk ist dabei auf den Beckenboden zu richten! Dieser muskul\u00e4re Abschluss des Beckenraumes nach unten ist w\u00e4hrend Schwangerschaft und Geburt ganz besonderen Belastungen ausgesetzt und hat oft noch unter den Folgen zu leiden, was sich in Inkontinenz (unfreiwilliger Harnabgang) und Senkungsbeschwerden \u00e4u\u00dfern kann. Um solchen Problemen vorzubeugen, bauen deshalb die meisten R\u00fcckbildungskurse auf der Beckenbodenarbeit auf und bringen erst in zweiter Linie \u00dcbungen f\u00fcr Bauch, Po und Beine mit ein. So wichtig die R\u00fcckbildungsgymnastik auch ist, man sollte aber nicht sofort nach der Geburt damit beginnen!<\/p>\n\n\n\n<p>Zun\u00e4chst braucht der K\u00f6rper Schonung, um sich von der Geburt ganz zu erholen. Das Stillen muss in Gang kommen und erfordert Kraft, Geburtsverletzungen m\u00fcssen heilen und der Wochenfluss ganz versiegen. Deshalb sollte ein Kurs fr\u00fchestens sechs Wochen nach der Entbindung beginnen, je nach Geburtsverlauf (z.B. bei Kaiserschnitt) sogar noch sp\u00e4ter. Allerdings darf man auch nicht zu lange warten: Sp\u00e4testens neun Monate nach der Geburt muss der Kurs abgeschlossen sein,\u00a0 sonst kann es Probleme mit der Kosten\u00fcbernahme durch die Krankenkasse geben!<\/p>\n\n\n\n<div class=\"wpforms-container wpforms-container-full\" id=\"wpforms-3263\"><form id=\"wpforms-form-3263\" class=\"wpforms-validate wpforms-form\" data-formid=\"3263\" method=\"post\" enctype=\"multipart\/form-data\" action=\"\/index.php?rest_route=%2Fwp%2Fv2%2Fpages%2F2917\" data-token=\"46ab4df087cbc0382b614dcb43bf1780\" data-token-time=\"1777978326\"><noscript class=\"wpforms-error-noscript\">Bitte aktiviere JavaScript in deinem Browser, um dieses Formular fertigzustellen.<\/noscript><div class=\"wpforms-field-container\"><div id=\"wpforms-3263-field_13-container\" class=\"wpforms-field wpforms-field-checkbox\" data-field-id=\"13\"><label class=\"wpforms-field-label\">Kursanmeldung<\/label><ul id=\"wpforms-3263-field_13\"><li class=\"choice-12 depth-1\"><input type=\"checkbox\" id=\"wpforms-3263-field_13_12\" name=\"wpforms[fields][13][]\" value=\"Gew\u00e4hlt\"  ><label class=\"wpforms-field-label-inline\" for=\"wpforms-3263-field_13_12\">Wahlm\u00f6glichkeit 12<\/label><\/li><\/ul><\/div><div id=\"wpforms-3263-field_0-container\" class=\"wpforms-field wpforms-field-name\" data-field-id=\"0\"><label class=\"wpforms-field-label\">Name <span class=\"wpforms-required-label\">*<\/span><\/label><div class=\"wpforms-field-row wpforms-field-medium\"><div class=\"wpforms-field-row-block wpforms-first wpforms-one-half\"><input type=\"text\" id=\"wpforms-3263-field_0\" class=\"wpforms-field-name-first wpforms-field-required\" name=\"wpforms[fields][0][first]\" required><label for=\"wpforms-3263-field_0\" class=\"wpforms-field-sublabel after\">Vorname<\/label><\/div><div class=\"wpforms-field-row-block wpforms-one-half\"><input type=\"text\" id=\"wpforms-3263-field_0-last\" class=\"wpforms-field-name-last wpforms-field-required\" name=\"wpforms[fields][0][last]\" required><label for=\"wpforms-3263-field_0-last\" class=\"wpforms-field-sublabel after\">Nachname<\/label><\/div><\/div><\/div><div id=\"wpforms-3263-field_1-container\" class=\"wpforms-field wpforms-field-email\" data-field-id=\"1\"><label class=\"wpforms-field-label\" for=\"wpforms-3263-field_1\">E-Mail <span class=\"wpforms-required-label\">*<\/span><\/label><input type=\"email\" id=\"wpforms-3263-field_1\" class=\"wpforms-field-medium wpforms-field-required\" name=\"wpforms[fields][1]\" spellcheck=\"false\" required><\/div><div id=\"wpforms-3263-field_5-container\" class=\"wpforms-field wpforms-field-text\" data-field-id=\"5\"><label class=\"wpforms-field-label\" for=\"wpforms-3263-field_5\">Telefon <span class=\"wpforms-required-label\">*<\/span><\/label><input type=\"text\" id=\"wpforms-3263-field_5\" class=\"wpforms-field-medium wpforms-field-required\" name=\"wpforms[fields][5]\" required><\/div><div id=\"wpforms-3263-field_4-container\" class=\"wpforms-field wpforms-field-checkbox\" data-field-id=\"4\"><label class=\"wpforms-field-label\">Kinder <span class=\"wpforms-required-label\">*<\/span><\/label><ul id=\"wpforms-3263-field_4\" class=\"wpforms-field-required\"><li class=\"choice-2 depth-1\"><input type=\"checkbox\" id=\"wpforms-3263-field_4_2\" name=\"wpforms[fields][4][]\" value=\"Ich habe bereits Kinder\" required ><label class=\"wpforms-field-label-inline\" for=\"wpforms-3263-field_4_2\">Ich habe bereits Kinder<\/label><\/li><\/ul><\/div><div id=\"wpforms-3263-field_2-container\" class=\"wpforms-field wpforms-field-textarea\" data-field-id=\"2\"><label class=\"wpforms-field-label\" for=\"wpforms-3263-field_2\">Nachricht<\/label><textarea id=\"wpforms-3263-field_2\" class=\"wpforms-field-medium\" name=\"wpforms[fields][2]\" ><\/textarea><\/div><div id=\"wpforms-3263-field_8-container\" class=\"wpforms-field wpforms-field-gdpr-checkbox\" data-field-id=\"8\"><label class=\"wpforms-field-label\">DSGVO-Einverst\u00e4ndnis <span class=\"wpforms-required-label\">*<\/span><\/label><ul id=\"wpforms-3263-field_8\" class=\"wpforms-field-required\"><li class=\"choice-1\"><input type=\"checkbox\" id=\"wpforms-3263-field_8_1\" name=\"wpforms[fields][8][]\" value=\"Ich willige ein, dass diese Website meine \u00fcbermittelten Informationen speichert, sodass meine Anfrage beantwortet werden kann.\" required ><label class=\"wpforms-field-label-inline\" for=\"wpforms-3263-field_8_1\">Ich willige ein, dass diese Website meine \u00fcbermittelten Informationen speichert, sodass meine Anfrage beantwortet werden kann.<\/label><\/li><\/ul><\/div><\/div><!-- .wpforms-field-container --><div class=\"wpforms-submit-container\" ><input type=\"hidden\" name=\"wpforms[id]\" value=\"3263\"><input type=\"hidden\" name=\"page_title\" value=\"\"><input type=\"hidden\" name=\"page_url\" value=\"https:\/\/hebammenpraxis-am-steinlein.de\/index.php?rest_route=\/wp\/v2\/pages\/2917\"><input type=\"hidden\" name=\"url_referer\" value=\"\"><button type=\"submit\" name=\"wpforms[submit]\" id=\"wpforms-submit-3263\" class=\"wpforms-submit\" data-alt-text=\"Senden...\" data-submit-text=\"Absenden\" aria-live=\"assertive\" value=\"wpforms-submit\">Absenden<\/button><\/div><\/form><\/div>  <!-- .wpforms-container -->\n","protected":false},"excerpt":{"rendered":"<p>Kursleitung Hebamme Elke Lamberts Der K\u00f6rper einer Frau muss in der Schwangerschaft enorme Anpassungsleistungen vollbringen! Bis sich alle Ver\u00e4nderungen, die die Schwangerschaft [&hellip;]<\/p>\n","protected":false},"author":3,"featured_media":0,"parent":0,"menu_order":0,"comment_status":"closed","ping_status":"closed","template":"","meta":{"footnotes":""},"class_list":["post-2917","page","type-page","status-publish","hentry"],"_links":{"self":[{"href":"https:\/\/hebammenpraxis-am-steinlein.de\/index.php?rest_route=\/wp\/v2\/pages\/2917","targetHints":{"allow":["GET"]}}],"collection":[{"href":"https:\/\/hebammenpraxis-am-steinlein.de\/index.php?rest_route=\/wp\/v2\/pages"}],"about":[{"href":"https:\/\/hebammenpraxis-am-steinlein.de\/index.php?rest_route=\/wp\/v2\/types\/page"}],"author":[{"embeddable":true,"href":"https:\/\/hebammenpraxis-am-steinlein.de\/index.php?rest_route=\/wp\/v2\/users\/3"}],"replies":[{"embeddable":true,"href":"https:\/\/hebammenpraxis-am-steinlein.de\/index.php?rest_route=%2Fwp%2Fv2%2Fcomments&post=2917"}],"version-history":[{"count":3,"href":"https:\/\/hebammenpraxis-am-steinlein.de\/index.php?rest_route=\/wp\/v2\/pages\/2917\/revisions"}],"predecessor-version":[{"id":3287,"href":"https:\/\/hebammenpraxis-am-steinlein.de\/index.php?rest_route=\/wp\/v2\/pages\/2917\/revisions\/3287"}],"wp:attachment":[{"href":"https:\/\/hebammenpraxis-am-steinlein.de\/index.php?rest_route=%2Fwp%2Fv2%2Fmedia&parent=2917"}],"curies":[{"name":"wp","href":"https:\/\/api.w.org\/{rel}","templated":true}]}}