{"id":2925,"date":"2023-03-07T16:24:08","date_gmt":"2023-03-07T14:24:08","guid":{"rendered":"https:\/\/hebammenpraxis-am-steinlein.de\/?page_id=2925"},"modified":"2025-01-16T11:47:46","modified_gmt":"2025-01-16T09:47:46","slug":"stillen","status":"publish","type":"page","link":"https:\/\/hebammenpraxis-am-steinlein.de\/?page_id=2925","title":{"rendered":"Stillen"},"content":{"rendered":"\n<figure class=\"wp-block-image size-full\"><a href=\"https:\/\/hebammenpraxis-am-steinlein.de\/wp-content\/stillen.neu_-1.jpg\"><img fetchpriority=\"high\" decoding=\"async\" width=\"474\" height=\"406\" src=\"https:\/\/hebammenpraxis-am-steinlein.de\/wp-content\/stillen.neu_-1.jpg\" alt=\"\" class=\"wp-image-3828\" srcset=\"https:\/\/hebammenpraxis-am-steinlein.de\/wp-content\/stillen.neu_-1.jpg 474w, https:\/\/hebammenpraxis-am-steinlein.de\/wp-content\/stillen.neu_-1-300x257.jpg 300w, https:\/\/hebammenpraxis-am-steinlein.de\/wp-content\/stillen.neu_-1-230x197.jpg 230w, https:\/\/hebammenpraxis-am-steinlein.de\/wp-content\/stillen.neu_-1-350x300.jpg 350w\" sizes=\"(max-width: 474px) 100vw, 474px\" \/><\/a><\/figure>\n\n\n\n<p><em>Eigentlich ist das Stillen ja das Normalste der Welt und das Saugen ein angeborener Reflex. Aber trotzdem gibt es manchmal Anfangsprobleme, die oft vermeidbar sind. Damit das Stillen gelingt und die Stillzeit eine sch\u00f6ne wird, geben wir Tipps f\u00fcr einen guten Start (Inhalt der Geburtsvorbereitungskurse oder individuelle Beratung).<\/em><\/p>\n\n\n\n<p><strong>Vorteile des Stillens auf einen Blick<\/strong><\/p>\n\n\n\n<ul class=\"wp-block-list\">\n<li>Babys sind durch die Muttermilch weniger anf\u00e4llig f\u00fcr Asthma, Magen-Darm-Erkrankungen, Infektionen der Harnwege, Ohren- und Lungenentz\u00fcndungen sowie Allergien.<\/li>\n\n\n\n<li>Das Risiko f\u00fcr den pl\u00f6tzlichen Kindstod ist geringer.<\/li>\n\n\n\n<li>Stillen f\u00f6rdert die emotionale Bindung zwischen Mutter und Kind.<\/li>\n\n\n\n<li>Das Brustkrebsrisiko der Mutter sinkt.<\/li>\n\n\n\n<li>Die Geb\u00e4rmutter bildet sich schneller zur\u00fcck.<\/li>\n\n\n\n<li>Stillen ist gut f\u00fcr die Figur, denn es verbraucht bis zu 600 Kalorien t\u00e4glich zus\u00e4tzlich.<\/li>\n\n\n\n<li>Stillen ist eine g\u00fcnstige Form der Ern\u00e4hrung Ihres Babys.&nbsp;<\/li>\n<\/ul>\n\n\n\n<p><strong>Nat\u00fcrlich steht euch auch beim Stillen Hebammenhilfe zu:<\/strong><\/p>\n\n\n\n<ul class=\"wp-block-list\">\n<li>bis zum 10. Tag jeweils 1 x t\u00e4glich (sofern notwendig)<\/li>\n\n\n\n<li>16 weitere Besuche bis das Kind acht Wochen alt ist.<\/li>\n\n\n\n<li>acht zus\u00e4tzliche Termine bei Still- oder Ern\u00e4hrungsproblemen<\/li>\n\n\n\n<li>wenn n\u00f6tig weitere Termine nach Verordnung vom Arzt<\/li>\n\n\n\n<li>bei Bedarf kooperieren wir mit Stillberater*innen, Physiotherapeut*innen, Osteopath*innen und weiteren Experten<\/li>\n<\/ul>\n\n\n\n\n\n\n","protected":false},"excerpt":{"rendered":"<p>Eigentlich ist das Stillen ja das Normalste der Welt und das Saugen ein angeborener Reflex. Aber trotzdem gibt es manchmal Anfangsprobleme, die [&hellip;]<\/p>\n","protected":false},"author":3,"featured_media":0,"parent":0,"menu_order":0,"comment_status":"closed","ping_status":"closed","template":"","meta":{"footnotes":""},"class_list":["post-2925","page","type-page","status-publish","hentry"],"_links":{"self":[{"href":"https:\/\/hebammenpraxis-am-steinlein.de\/index.php?rest_route=\/wp\/v2\/pages\/2925","targetHints":{"allow":["GET"]}}],"collection":[{"href":"https:\/\/hebammenpraxis-am-steinlein.de\/index.php?rest_route=\/wp\/v2\/pages"}],"about":[{"href":"https:\/\/hebammenpraxis-am-steinlein.de\/index.php?rest_route=\/wp\/v2\/types\/page"}],"author":[{"embeddable":true,"href":"https:\/\/hebammenpraxis-am-steinlein.de\/index.php?rest_route=\/wp\/v2\/users\/3"}],"replies":[{"embeddable":true,"href":"https:\/\/hebammenpraxis-am-steinlein.de\/index.php?rest_route=%2Fwp%2Fv2%2Fcomments&post=2925"}],"version-history":[{"count":13,"href":"https:\/\/hebammenpraxis-am-steinlein.de\/index.php?rest_route=\/wp\/v2\/pages\/2925\/revisions"}],"predecessor-version":[{"id":3841,"href":"https:\/\/hebammenpraxis-am-steinlein.de\/index.php?rest_route=\/wp\/v2\/pages\/2925\/revisions\/3841"}],"wp:attachment":[{"href":"https:\/\/hebammenpraxis-am-steinlein.de\/index.php?rest_route=%2Fwp%2Fv2%2Fmedia&parent=2925"}],"curies":[{"name":"wp","href":"https:\/\/api.w.org\/{rel}","templated":true}]}}