{"id":2927,"date":"2023-03-07T16:26:06","date_gmt":"2023-03-07T14:26:06","guid":{"rendered":"https:\/\/hebammenpraxis-am-steinlein.de\/?page_id=2927"},"modified":"2023-03-10T19:30:36","modified_gmt":"2023-03-10T17:30:36","slug":"nicht-stillen","status":"publish","type":"page","link":"https:\/\/hebammenpraxis-am-steinlein.de\/?page_id=2927","title":{"rendered":"Nicht Stillen"},"content":{"rendered":"\n<p><em><span style=\"color: #20292a;\"><span style=\"font-family: Calibri, sans-serif;\"><span style=\"font-size: medium;\">Jede Frau darf selbst \u00fcber Ihren K\u00f6rper entscheiden und dar\u00fcber, ob sie stillen m\u00f6chte oder nicht. Es gibt ausreichend <\/span><\/span><\/span><\/em><em><a href=\"https:\/\/praxistipps.focus.de\/baby-ernaehrung-das-muessen-sie-wissen_118575\" target=\"_blank\" rel=\"noopener\"><span style=\"color: #20292a;\"><span style=\"font-family: Calibri, sans-serif;\"><span style=\"font-size: medium;\">Babynahrung<\/span><\/span><\/span><\/a><\/em><em><span style=\"color: #20292a;\"><span style=\"font-family: Calibri, sans-serif;\"><span style=\"font-size: medium;\">, mit der das Baby gesund ern\u00e4hrt werden kann.<\/span><\/span><\/span><\/em><\/p>\n<p><em><span style=\"color: #20292a;\"><span style=\"font-family: Calibri, sans-serif;\"><span style=\"font-size: medium;\">Es k\u00f6nnen auch einige gesundheitliche Gr\u00fcnde dazu f\u00fchren, dass nicht oder nur teilweise gestillt werden kann. So z.B. bei Medikamenteneinnahme, nach Brustoperationen bei denen Milchg\u00e4nge durchtrennt wurden, bei Infektionskrankheiten der Mutter wie HIV, Hepatitis B, Zytomegalie oder Tuberkulose und der Einnahme von Schad- oder Giftstoffen in Drogen, Zigaretten, Alkohol oder bestimmten Medikamenten.<\/span><\/span><\/span><\/em><b> <\/b><\/p>\n<p><strong><span style=\"color: #383838;\"><span style=\"font-family: Calibri, sans-serif;\"><span style=\"font-size: medium;\">Wie innig eure Beziehung ist, h\u00e4ngt von vielen Faktoren ab \u2013 nicht nur davon, ob du dein Kind stillst oder nicht<\/span><\/span><\/span><\/strong><em><span style=\"color: #383838;\"><span style=\"font-family: Calibri, sans-serif;\"><span style=\"font-size: medium;\">.<\/span><\/span><\/span><\/em><\/p>\n<p><em><span style=\"color: #555555;\"><span style=\"font-family: Calibri, sans-serif;\"><span style=\"font-size: medium;\">Wir beraten und unterst\u00fctzen Euch bei allen Fragen zum (prim\u00e4ren und sekund\u00e4ren) Abstillen und zur S\u00e4uglingsnahrung bzw. zur Optimierung des Mikrobioms!<\/span><\/span><\/span><\/em><\/p>\n","protected":false},"excerpt":{"rendered":"<p>Jede Frau darf selbst \u00fcber Ihren K\u00f6rper entscheiden und dar\u00fcber, ob sie stillen m\u00f6chte oder nicht. Es gibt ausreichend Babynahrung, mit der [&hellip;]<\/p>\n","protected":false},"author":3,"featured_media":0,"parent":0,"menu_order":0,"comment_status":"closed","ping_status":"closed","template":"","meta":{"footnotes":""},"class_list":["post-2927","page","type-page","status-publish","hentry"],"_links":{"self":[{"href":"https:\/\/hebammenpraxis-am-steinlein.de\/index.php?rest_route=\/wp\/v2\/pages\/2927","targetHints":{"allow":["GET"]}}],"collection":[{"href":"https:\/\/hebammenpraxis-am-steinlein.de\/index.php?rest_route=\/wp\/v2\/pages"}],"about":[{"href":"https:\/\/hebammenpraxis-am-steinlein.de\/index.php?rest_route=\/wp\/v2\/types\/page"}],"author":[{"embeddable":true,"href":"https:\/\/hebammenpraxis-am-steinlein.de\/index.php?rest_route=\/wp\/v2\/users\/3"}],"replies":[{"embeddable":true,"href":"https:\/\/hebammenpraxis-am-steinlein.de\/index.php?rest_route=%2Fwp%2Fv2%2Fcomments&post=2927"}],"version-history":[{"count":3,"href":"https:\/\/hebammenpraxis-am-steinlein.de\/index.php?rest_route=\/wp\/v2\/pages\/2927\/revisions"}],"predecessor-version":[{"id":3119,"href":"https:\/\/hebammenpraxis-am-steinlein.de\/index.php?rest_route=\/wp\/v2\/pages\/2927\/revisions\/3119"}],"wp:attachment":[{"href":"https:\/\/hebammenpraxis-am-steinlein.de\/index.php?rest_route=%2Fwp%2Fv2%2Fmedia&parent=2927"}],"curies":[{"name":"wp","href":"https:\/\/api.w.org\/{rel}","templated":true}]}}