{"id":2929,"date":"2023-03-07T16:31:32","date_gmt":"2023-03-07T14:31:32","guid":{"rendered":"https:\/\/hebammenpraxis-am-steinlein.de\/?page_id=2929"},"modified":"2023-03-12T20:33:59","modified_gmt":"2023-03-12T18:33:59","slug":"beikost","status":"publish","type":"page","link":"https:\/\/hebammenpraxis-am-steinlein.de\/?page_id=2929","title":{"rendered":"<em><strong>Beikost<\/strong><\/em>"},"content":{"rendered":"\n<p><em>Still- Ern\u00e4hrungs- Beikostberatung \u2013 in der Gruppe und individuell<\/em><\/p>\n\n\n\n<p><em>Workshops zum Stillen\/ Abstillen:<\/em><\/p>\n\n\n\n<p><strong>\u201c<\/strong><strong>MuMi, Flasche, Brei und Co\u201d<\/strong><\/p>\n\n\n\n<p>Beratungstreff zu den Themen Stillen, Ern\u00e4hrung, Beikost und mehr! Jeden dritten Mittwoch im Monat 13.00-14.30 Uhr<\/p>\n\n\n\n<ul class=\"wp-block-list\">\n<li>Wie lange kann ich Stillen? Wie geht Abstillen?<\/li>\n\n\n\n<li>Wann kann\/muss ich die Babynahrung wechseln?<\/li>\n\n\n\n<li>Wann kann\/muss ich Zuf\u00fcttern?<\/li>\n\n\n\n<li>Was muss ich bei allergischer Vorbelastung beachten?<\/li>\n\n\n\n<li>Was ist eigentlich BLW?<\/li>\n<\/ul>\n\n\n\n<p>Diese und viele Fragen mehr stellen sich die meisten M\u00fctter und V\u00e4ter. Wir beraten individuell und geben Tipps, die den \u201eWeg von der Milch zum Tisch\u201c erleichtern k\u00f6nnen.<\/p>\n\n\n\n<p>Wir beantworten auch gerne Eure Fragen zu den Themen Schlafen, Schreien, Zahnen und und und\u2026<\/p>\n\n\n\n<p>Besonders sch\u00f6n ist der Austausch zum Thema in der Gruppe, zeigt sich doch immer wieder wie viele unterschiedliche Wege m\u00f6gllich sind.<\/p>\n\n\n\n<p>Uns Hebammen liegt das Stillen und die Stillf\u00f6rderung sehr am Herzen, weil Muttermilch einfach ein phantastisches Lebensmittel ist. Dennoch ist es uns wichtig, dass Frauen und M\u00fctter, die nicht Stillen (wollen oder k\u00f6nnen) nicht ausgegrenzt werden und selbstverst\u00e4ndlich unser Beratungsangebot entsprechend nutzen k\u00f6nnen.<\/p>\n\n\n","protected":false},"excerpt":{"rendered":"<p>Still- Ern\u00e4hrungs- Beikostberatung \u2013 in der Gruppe und individuell Workshops zum Stillen\/ Abstillen: \u201cMuMi, Flasche, Brei und Co\u201d Beratungstreff zu den Themen [&hellip;]<\/p>\n","protected":false},"author":3,"featured_media":0,"parent":0,"menu_order":0,"comment_status":"closed","ping_status":"closed","template":"","meta":{"footnotes":""},"class_list":["post-2929","page","type-page","status-publish","hentry"],"_links":{"self":[{"href":"https:\/\/hebammenpraxis-am-steinlein.de\/index.php?rest_route=\/wp\/v2\/pages\/2929","targetHints":{"allow":["GET"]}}],"collection":[{"href":"https:\/\/hebammenpraxis-am-steinlein.de\/index.php?rest_route=\/wp\/v2\/pages"}],"about":[{"href":"https:\/\/hebammenpraxis-am-steinlein.de\/index.php?rest_route=\/wp\/v2\/types\/page"}],"author":[{"embeddable":true,"href":"https:\/\/hebammenpraxis-am-steinlein.de\/index.php?rest_route=\/wp\/v2\/users\/3"}],"replies":[{"embeddable":true,"href":"https:\/\/hebammenpraxis-am-steinlein.de\/index.php?rest_route=%2Fwp%2Fv2%2Fcomments&post=2929"}],"version-history":[{"count":2,"href":"https:\/\/hebammenpraxis-am-steinlein.de\/index.php?rest_route=\/wp\/v2\/pages\/2929\/revisions"}],"predecessor-version":[{"id":3139,"href":"https:\/\/hebammenpraxis-am-steinlein.de\/index.php?rest_route=\/wp\/v2\/pages\/2929\/revisions\/3139"}],"wp:attachment":[{"href":"https:\/\/hebammenpraxis-am-steinlein.de\/index.php?rest_route=%2Fwp%2Fv2%2Fmedia&parent=2929"}],"curies":[{"name":"wp","href":"https:\/\/api.w.org\/{rel}","templated":true}]}}