{"id":2933,"date":"2023-03-07T17:08:24","date_gmt":"2023-03-07T15:08:24","guid":{"rendered":"https:\/\/hebammenpraxis-am-steinlein.de\/?page_id=2933"},"modified":"2026-03-17T11:49:45","modified_gmt":"2026-03-17T09:49:45","slug":"geburtsvorbereitung","status":"publish","type":"page","link":"https:\/\/hebammenpraxis-am-steinlein.de\/?page_id=2933","title":{"rendered":"<strong>Geburtsvorbereitung<\/strong>"},"content":{"rendered":"\n<figure class=\"wp-block-image size-full is-resized\"><a href=\"https:\/\/hebammenpraxis-am-steinlein.de\/wp-content\/GV-Kurs-neu-1.jpg\"><img fetchpriority=\"high\" decoding=\"async\" width=\"1100\" height=\"734\" src=\"https:\/\/hebammenpraxis-am-steinlein.de\/wp-content\/GV-Kurs-neu-1.jpg\" alt=\"\" class=\"wp-image-3819\" style=\"width:637px;height:auto\" srcset=\"https:\/\/hebammenpraxis-am-steinlein.de\/wp-content\/GV-Kurs-neu-1.jpg 1100w, https:\/\/hebammenpraxis-am-steinlein.de\/wp-content\/GV-Kurs-neu-1-300x200.jpg 300w, https:\/\/hebammenpraxis-am-steinlein.de\/wp-content\/GV-Kurs-neu-1-1024x683.jpg 1024w, https:\/\/hebammenpraxis-am-steinlein.de\/wp-content\/GV-Kurs-neu-1-768x512.jpg 768w, https:\/\/hebammenpraxis-am-steinlein.de\/wp-content\/GV-Kurs-neu-1-1000x667.jpg 1000w, https:\/\/hebammenpraxis-am-steinlein.de\/wp-content\/GV-Kurs-neu-1-230x153.jpg 230w, https:\/\/hebammenpraxis-am-steinlein.de\/wp-content\/GV-Kurs-neu-1-350x234.jpg 350w, https:\/\/hebammenpraxis-am-steinlein.de\/wp-content\/GV-Kurs-neu-1-480x320.jpg 480w\" sizes=\"(max-width: 1100px) 100vw, 1100px\" \/><\/a><figcaption class=\"wp-element-caption\">Geburtsvorbereitung<\/figcaption><\/figure>\n\n\n\n<p>In unseren Geburtsvorbereitungskursen m\u00f6chten wir Dich\/ Euch nicht einfach nur informieren, sondern Euch darin unterst\u00fctzen, Schwangerschaft und Geburt selbstbestimmt zu gestalten und Strategien zu erlernen, die Euch m\u00f6glichst entspannt und angstfrei durch die Geburt bringen. <\/p>\n\n\n\n<p>Unsere Kurse kombinieren interessantes Wissen mit praktischen K\u00f6rper-, Atem- und Entspannungs\u00fcbungen und der M\u00f6glichkeit eigene Themen einzubringen und sich mit anderen auszutauschen. Wir helfen Dir, die Signale Deines K\u00f6rpers zu sp\u00fcren, damit Verbindung zu Deinem Kind entstehen kann. Und wir unterst\u00fctzen Euch als Paar darin, ein sich st\u00e4rkendes Team in dieser besonderen Zeit Eures Lebens zu sein.<\/p>\n\n\n\n<p>Hebammen haben die fachliche Expertise und genug Erfahrung um den vielen Anliegen werdender Eltern gerecht zu werden. Weniger googeln &#8211; mehr Hebammenwissen!<\/p>\n\n\n\n<p>Wir bieten unterschiedliche Kursvarianten an, detaillierte Information zu den Kursen findet ihr unter \u201eAnmeldung\u201c<\/p>\n\n\n\n<p>Wir freuen uns auf ein paar sch\u00f6ne Stunden mit Euch!<\/p>\n\n\n\n<p><\/p>\n\n\n\n<p><strong>19.03.2026 Geburtsvorbereitung intensiv f\u00fcr Paare<\/strong><br>einmalig 3 Stunden, Donnerstag 18:00 Uhr bis 21:00 Uhr mit Partner*in<br>Kursleitung: Heike Kralik, Hebamme<br><strong><a href=\"https:\/\/hebammenpraxis-am-steinlein.de\/?page_id=2447\">Anmeldung<\/a><\/strong><br><br><strong>02.04.2026 &#8211; 12.05.2026 Geburtsvorbereitung f\u00fcr Erstgeb\u00e4rende<\/strong><br>7 x 2 Stunden, jew. Donnerstags 18:00 Uhr bis 20:00 Uhr, 1x V\u00e4tergruppe, 2 Paarabende<br>Kursleitung: Heike Kralik, Hebamme<br><strong><strong>Ausgebucht<\/strong><\/strong><\/p>\n\n\n\n<p><strong>26.05.2026 Geburtsvorbereitung intensiv f\u00fcr Paare<\/strong><br>einmalig 3 Stunden, Dienstag 18:00 Uhr bis 21:00 Uhr mit Partner*in<br>Kursleitung: Heike Kralik, Hebamme<br><strong><a href=\"https:\/\/hebammenpraxis-am-steinlein.de\/?page_id=2447\">Anmeldung<\/a><\/strong><\/p>\n\n\n\n<p><strong>18.06.2026 &#8211; 30.07.2026 Geburtsvorbereitung f\u00fcr Erstgeb\u00e4rende<\/strong><br \/>7 x 2 Stunden, jew. Donnerstags 18:00 Uhr bis 20:00 Uhr, 1x V\u00e4tergruppe, 2 Paarabende<br \/>Kursleitung: Heike Kralik, Hebamme<br \/><strong>Ausgebucht<\/strong><\/p>\n<p><strong>23.07.2026 Geburtsvorbereitung intensiv f\u00fcr Paare<\/strong><br \/>einmalig 3 Stunden, Donnerstag 18:00 Uhr bis 21:00 Uhr mit Partner*in<br \/>Kursleitung: Heike Kralik, Hebamme<br \/><strong><a href=\"https:\/\/hebammenpraxis-am-steinlein.de\/?page_id=2447\">Anmeldung<\/a><\/strong><\/p>\n<p><strong>01.+02.08. 2026 Wochenendkurs Geburtsvorbereitung f\u00fcr Erstgeb\u00e4rende<\/strong><br \/>10-17 Uhr, Partnergeb\u00fchr 70.\u2013 Euro<br \/>Samstag nur Frauen, Sonntag mit Partner*in<br \/>Kursleitung: Pamela Waschinger, Hebamme<br \/><a href=\"https:\/\/hebammenpraxis-am-steinlein.de\/?page_id=2527\"><strong>Anmeldung<\/strong><\/a><\/p>\n<p><strong>03.09.2026 &#8211; 15.10.2026 Geburtsvorbereitung f\u00fcr Erstgeb\u00e4rende<\/strong><br \/>7 x 2 Stunden, jew. Donnerstags 18:00 Uhr bis 20:00 Uhr, 1x V\u00e4tergruppe, 2 Paarabende<br \/>Kursleitung: Heike Kralik, Hebamme<br \/><strong><a href=\"https:\/\/hebammenpraxis-am-steinlein.de\/?page_id=2148\">Anmeldung<\/a><\/strong><\/p>\n<p><strong>27.10.2026 Geburtsvorbereitung intensiv f\u00fcr Paare<\/strong><br \/>einmalig 3 Stunden, Dienstag 18:00 Uhr bis 21:00 Uhr mit Partner*in<br \/>Kursleitung: Heike Kralik, Hebamme<br \/><strong><a href=\"https:\/\/hebammenpraxis-am-steinlein.de\/?page_id=2447\">Anmeldung<\/a><\/strong><\/p>\n<p><strong>28.+29.11.2026 Wochenendkurs Geburtsvorbereitung f\u00fcr Erstgeb\u00e4rende<\/strong><br \/>10-17 Uhr, Partnergeb\u00fchr 70.\u2013 Euro<br \/>Samstag nur Frauen, Sonntag mit Partner*in<br \/>Kursleitung: Pamela Waschinger, Hebamme<br \/><a href=\"https:\/\/hebammenpraxis-am-steinlein.de\/?page_id=2527\"><strong>Anmeldung<\/strong><\/a><\/p>\n\n\n\n\n\n\n\n\n\n\n","protected":false},"excerpt":{"rendered":"<p>In unseren Geburtsvorbereitungskursen m\u00f6chten wir Dich\/ Euch nicht einfach nur informieren, sondern Euch darin unterst\u00fctzen, Schwangerschaft und Geburt selbstbestimmt zu gestalten und [&hellip;]<\/p>\n","protected":false},"author":3,"featured_media":0,"parent":0,"menu_order":0,"comment_status":"closed","ping_status":"closed","template":"","meta":{"footnotes":""},"class_list":["post-2933","page","type-page","status-publish","hentry"],"_links":{"self":[{"href":"https:\/\/hebammenpraxis-am-steinlein.de\/index.php?rest_route=\/wp\/v2\/pages\/2933","targetHints":{"allow":["GET"]}}],"collection":[{"href":"https:\/\/hebammenpraxis-am-steinlein.de\/index.php?rest_route=\/wp\/v2\/pages"}],"about":[{"href":"https:\/\/hebammenpraxis-am-steinlein.de\/index.php?rest_route=\/wp\/v2\/types\/page"}],"author":[{"embeddable":true,"href":"https:\/\/hebammenpraxis-am-steinlein.de\/index.php?rest_route=\/wp\/v2\/users\/3"}],"replies":[{"embeddable":true,"href":"https:\/\/hebammenpraxis-am-steinlein.de\/index.php?rest_route=%2Fwp%2Fv2%2Fcomments&post=2933"}],"version-history":[{"count":128,"href":"https:\/\/hebammenpraxis-am-steinlein.de\/index.php?rest_route=\/wp\/v2\/pages\/2933\/revisions"}],"predecessor-version":[{"id":4123,"href":"https:\/\/hebammenpraxis-am-steinlein.de\/index.php?rest_route=\/wp\/v2\/pages\/2933\/revisions\/4123"}],"wp:attachment":[{"href":"https:\/\/hebammenpraxis-am-steinlein.de\/index.php?rest_route=%2Fwp%2Fv2%2Fmedia&parent=2933"}],"curies":[{"name":"wp","href":"https:\/\/api.w.org\/{rel}","templated":true}]}}