{"id":2983,"date":"2023-03-07T21:22:51","date_gmt":"2023-03-07T19:22:51","guid":{"rendered":"https:\/\/hebammenpraxis-am-steinlein.de\/?page_id=2983"},"modified":"2025-01-16T11:24:47","modified_gmt":"2025-01-16T09:24:47","slug":"home-2","status":"publish","type":"page","link":"https:\/\/hebammenpraxis-am-steinlein.de\/","title":{"rendered":""},"content":{"rendered":"\n<figure class=\"wp-block-image aligncenter size-full is-resized is-style-default\"><a href=\"https:\/\/hebammenpraxis-am-steinlein.de\/wp-content\/schwangere-neu-1.jpg\"><img fetchpriority=\"high\" decoding=\"async\" width=\"474\" height=\"202\" src=\"https:\/\/hebammenpraxis-am-steinlein.de\/wp-content\/schwangere-neu-1.jpg\" alt=\"\" class=\"wp-image-3827\" srcset=\"https:\/\/hebammenpraxis-am-steinlein.de\/wp-content\/schwangere-neu-1.jpg 474w, https:\/\/hebammenpraxis-am-steinlein.de\/wp-content\/schwangere-neu-1-300x128.jpg 300w, https:\/\/hebammenpraxis-am-steinlein.de\/wp-content\/schwangere-neu-1-230x98.jpg 230w, https:\/\/hebammenpraxis-am-steinlein.de\/wp-content\/schwangere-neu-1-350x149.jpg 350w\" sizes=\"(max-width: 474px) 100vw, 474px\" \/><\/a><\/figure>\n\n\n\n<h2 class=\"has-text-align-center\"><strong>Hebammenpraxis am Steinlein<\/strong><\/h2>\n\n\n\n<p class=\"has-text-align-center\">1994 wurde die Hebammenpraxis in Karlstadt gegr\u00fcndet, <br>seit 2000 arbeiten wir in unseren Praxisr\u00e4umen Am Steinlein.<\/p>\n\n\n\n<p class=\"has-text-align-center\">Wir sind ein buntes Team aus drei Hebammen und weiteren Expertinnen <br><em>(Physiotherapeutinnen, Kinderkrankenschwester, Stillberaterin, Sozialp\u00e4dagogin, Yogalehrerin)<\/em> <br>und haben uns zusammengetan, um Frauen und Paare in der Zeit vor und nach der Geburt des Kindes <br>zu begleiten und zu unterst\u00fctzen.<\/p>\n\n\n\n<p class=\"has-text-align-center\">Dabei legen wir gro\u00dfen Wert auf eine kompetente, individuelle und selbst bestimmte Begleitung, die Euch darin st\u00e4rkt Euren eigenen Weg durch diese spannende Zeit zu finden.<\/p>\n\n\n\n<p class=\"has-text-align-center\">Bei Eurer Begleitung k\u00f6nnen wir auf langj\u00e4hrige Erfahrung und durch regelm\u00e4\u00dfige Weiterbildung auch auf aktuelles und qualifiziertes Wissen zur\u00fcckgreifen.<\/p>\n\n\n\n<p class=\"has-text-align-center\">Unser gesamtes Angebot findet Ihr unter dem Men\u00fcpunkt \u201eLeistungen\u201c, \u00fcber \u201eAnmeldung\u201c k\u00f6nnt Ihr Euch direkt f\u00fcr Kurse oder zur Betreuung anmelden.<\/p>\n\n\n\n<p class=\"has-text-align-center\"><strong>Wir freuen uns auf Euch!<\/strong><\/p>\n\n\n\n<p class=\"has-text-align-center\">Das Praxisteam <br>Heike, Nadine, Pamela, Marion, Ilka, Simone, Julia und Regina<\/p>\n\n\n\n<p class=\"has-text-align-center has-luminous-vivid-orange-color has-text-color\"><em><strong>Leben ist das, was einem passiert,<\/strong><\/em><br><em><strong>w\u00e4hrend man damit besch\u00e4ftigt ist,<\/strong><\/em><br><em><strong>andere Pl\u00e4ne zu machen.<\/strong><\/em><\/p>\n\n\n","protected":false},"excerpt":{"rendered":"<p>Hebammenpraxis am Steinlein 1994 wurde die Hebammenpraxis in Karlstadt gegr\u00fcndet, seit 2000 arbeiten wir in unseren Praxisr\u00e4umen Am Steinlein. Wir sind ein [&hellip;]<\/p>\n","protected":false},"author":3,"featured_media":0,"parent":0,"menu_order":0,"comment_status":"closed","ping_status":"closed","template":"","meta":{"footnotes":""},"class_list":["post-2983","page","type-page","status-publish","hentry"],"_links":{"self":[{"href":"https:\/\/hebammenpraxis-am-steinlein.de\/index.php?rest_route=\/wp\/v2\/pages\/2983","targetHints":{"allow":["GET"]}}],"collection":[{"href":"https:\/\/hebammenpraxis-am-steinlein.de\/index.php?rest_route=\/wp\/v2\/pages"}],"about":[{"href":"https:\/\/hebammenpraxis-am-steinlein.de\/index.php?rest_route=\/wp\/v2\/types\/page"}],"author":[{"embeddable":true,"href":"https:\/\/hebammenpraxis-am-steinlein.de\/index.php?rest_route=\/wp\/v2\/users\/3"}],"replies":[{"embeddable":true,"href":"https:\/\/hebammenpraxis-am-steinlein.de\/index.php?rest_route=%2Fwp%2Fv2%2Fcomments&post=2983"}],"version-history":[{"count":18,"href":"https:\/\/hebammenpraxis-am-steinlein.de\/index.php?rest_route=\/wp\/v2\/pages\/2983\/revisions"}],"predecessor-version":[{"id":3833,"href":"https:\/\/hebammenpraxis-am-steinlein.de\/index.php?rest_route=\/wp\/v2\/pages\/2983\/revisions\/3833"}],"wp:attachment":[{"href":"https:\/\/hebammenpraxis-am-steinlein.de\/index.php?rest_route=%2Fwp%2Fv2%2Fmedia&parent=2983"}],"curies":[{"name":"wp","href":"https:\/\/api.w.org\/{rel}","templated":true}]}}