{"id":304,"date":"2010-05-21T22:15:08","date_gmt":"2010-05-21T20:15:08","guid":{"rendered":"http:\/\/hebammenpraxis-am-steinlein.de\/?page_id=304"},"modified":"2024-10-07T20:46:49","modified_gmt":"2024-10-07T18:46:49","slug":"aktuell-und-wichtig","status":"publish","type":"page","link":"https:\/\/hebammenpraxis-am-steinlein.de\/?page_id=304","title":{"rendered":"Aktuelles"},"content":{"rendered":"\n<h3 style=\"text-align: left;\"><!-- Service-Navi --><strong>Liebe Schwangere,<\/strong><\/h3>\n<p style=\"text-align: left;\"><!-- Content --><\/p>\n<p style=\"text-align: left;\">bitte meldet Euch rechtzeitig zu den\u00a0 Kursen bzw. f\u00fcr eine Wochenbettsbetreuung an, da unsere Kapazit\u00e4ten begrenzt sind und kurzfristige Anfragen in der Regel nicht von uns \u00fcbernommen\u00a0 werden k\u00f6nnen. Dies gilt insbesondere f\u00fcr Urlaubszeiten.\u00a0<\/p>\n<p style=\"text-align: left;\"><strong>Keine Hebamme gefunden?<\/strong><br \/><span style=\"color: #3366ff;\">http:\/\/www.bhlv.de\/de\/startseite\/musterbriefe-kranken<\/span><\/p>\n<p>\u00a0<\/p>\n<h3><strong><span style=\"color: #993366;\">Neu: Zusammen schwanger &#8211; Vorsorge in der Gruppe<\/span><\/strong><\/h3>\n<p><a href=\"https:\/\/hebammenpraxis-am-steinlein.de\/?page_id=3650\">https:\/\/hebammenpraxis-am-steinlein.de\/?page_id=3650<\/a><\/p>\n<p>\u00a0<\/p>\n<h2 class=\"western\"><span style=\"font-size: medium;\"><em><span style=\"color: #00558c;\"><span style=\"font-family: Trebuchet MS, Tahoma, Verdana, Arial, Helvetica, sans-serif;\"><span style=\"font-size: small;\"><b>Erfolg f\u00fcr den Deutschen Hebammenverband: Eigenst\u00e4ndige Schwangerenvorsorge von Hebammen ist gesichert!<\/b><\/span><\/span><\/span><\/em><\/span><\/h2>\n<p><span style=\"color: #999999;\"><span style=\"font-family: Verdana, Arial, Helvetica, sans-serif;\"><span style=\"font-size: small;\">02.03.2023<\/span><\/span><\/span><\/p>\n<p><span style=\"color: #00558c;\"><span style=\"font-family: Verdana, Arial, Helvetica, sans-serif;\"><span style=\"font-size: small;\">Der Gemeinsame Bundesausschuss (G-BA) hat klargestellt, dass die Mutterschafts-Richtlinien ausschlie\u00dflich die \u00e4rztlichen Leistungen in der Schwangerenvorsorge und f\u00fcr Frauen im Wochenbett regeln \u2013 nicht jedoch den Betreuungsumfang durch Hebammen. Die in den Richtlinien enthaltene Aufz\u00e4hlung von Leistungen, die von den \u00c4rzt*innen an Hebammen delegiert werden k\u00f6nnen, wurde entsprechend gestrichen.<\/span><\/span><\/span><\/p>\n<p><span style=\"color: #000000;\"><span style=\"font-family: Verdana, Arial, Helvetica, sans-serif;\"><span style=\"font-size: small;\">Endlich! Der Deutsche Hebammenverband hat sich jahrelang daf\u00fcr eingesetzt, dass die Richtlinien eindeutig formuliert sind. Der Erfolg stellt sicher, dass Hebammen eigenst\u00e4ndig Schwangerenvorsorgen durchf\u00fchren d\u00fcrfen, ohne eine \u00e4rztliche Anweisung einzuholen. Die vorherige Formulierung hat in der Praxis oft zu Missverst\u00e4ndnissen und zu Reibungen zwischen den Berufsgruppen gef\u00fchrt und zu einer Verunsicherung der Schwangeren, die sich h\u00e4ufig eine Betreuung durch beide Berufsgruppen w\u00fcnschen.\u00a0<\/span><\/span><\/span><\/p>\n<p><span style=\"color: #000000;\"><span style=\"font-family: Verdana, Arial, Helvetica, sans-serif;\"><span style=\"font-size: small;\">Schwangere und W\u00f6chner*innen haben die freie Wahl, Hebammenhilfe und \u00e4rztliche Leistungen in Anspruch zu nehmen und m\u00fcssen sich nicht f\u00fcr die eine oder andere Berufsgruppe entscheiden. Es bestehen weiterhin alle Voraussetzungen f\u00fcr eine interprofessionelle und kooperative Betreuung zugunsten einer optimalen Versorgung der Schwangeren. Die Klarstellung st\u00e4rkt die Wahlfreiheit der Frauen und sorgt f\u00fcr Hebammen und Gyn\u00e4kologie f\u00fcr eine lang erwartete Klarheit.<\/span><\/span><\/span><\/p>\n<p>\u00a0<\/p>\n<p><span style=\"font-size: medium; color: #993366;\"><em><span style=\"font-family: Calibri, sans-serif;\"><span style=\"font-size: large;\"><b>Deutscher Hebammen Verband zum internationalen Frauentag am 8. M\u00e4rz<\/b><\/span><\/span><\/em><\/span><\/p>\n<p><span style=\"font-size: medium;\"><em><span style=\"color: #212529;\"><span style=\"font-family: Calibri, sans-serif;\">Raus aus dem Nischendasein und rein in die Mitte der Gesellschaft \u2013 zum Internationalen Frauentag am 8. M\u00e4rz findet der Deutsche Hebammenverband (DHV) klare Worte: Geburten kennen keinen Lockdown. Sie passieren st\u00e4ndig und m\u00fcssen verl\u00e4sslich und gut begleitet werden. Wer Frauen-, Familien- und Kinderrechte st\u00e4rken will, muss handeln: Jetzt ist die Zeit, politische Zielvorgaben wie das Nationale Gesundheitsziel \u201eGesundheit rund um die Geburt\u201c endlich umzusetzen.<\/span><\/span><\/em><\/span><\/p>\n<p align=\"LEFT\"><strong><span style=\"color: #212529;\"><span style=\"font-family: Calibri, sans-serif;\"><span style=\"font-size: medium;\"><b>Mit guter Geburtshilfe die Zukunft gestalten<br \/><\/b><\/span><\/span><\/span><\/strong><span style=\"color: #212529;\">\u201e<span style=\"font-family: Calibri, sans-serif;\"><span style=\"font-size: medium;\">Wie Schwangerschaft, Geburt, Wochenbett und das erste Lebensjahr nach der Geburt des Kindes erlebt und verarbeitet werden, pr\u00e4gt die Gesellschaft\u201c, sagt Ulrike Geppert-Orthofer, Pr\u00e4sidentin des Deutschen Hebammenverbandes. \u201eWir legen heute den Grundstein f\u00fcr das gesellschaftliche Zusammenleben der Zukunft.\u201c<\/span><\/span><\/span><\/p>\n<p align=\"LEFT\"><span style=\"color: #212529;\"><span style=\"font-family: Calibri, sans-serif;\"><span style=\"font-size: medium;\">Um gute Geburtshilfe zu erm\u00f6glichen und als unverr\u00fcckbaren Wert in der Gesellschaft zu verankern, ist politische Entschlossenheit n\u00f6tig. Das Nationale Gesundheitsziel \u201eGesundheit rund um die Geburt\u201c enth\u00e4lt bereits seit seiner Ver\u00f6ffentlichung im Jahr 2016 die grundlegenden Forderungen zur nachhaltigen St\u00e4rkung der Geburtshilfe.<\/span><\/span><\/span><\/p>\n<p align=\"LEFT\"><strong><span style=\"color: #212529;\"><span style=\"font-family: Calibri, sans-serif;\"><span style=\"font-size: medium;\"><b>Eins-zu-eins-Betreuung f\u00fcr bessere Versorgung unter der Geburt<br \/><\/b><\/span><\/span><\/span><\/strong><span style=\"color: #212529;\"><span style=\"font-family: Calibri, sans-serif;\"><span style=\"font-size: medium;\">Das Gesundheitsziel formuliert den Weg zu einer frauenzentrierten Geburtshilfe von der Schwangerschaft \u00fcber die Geburt bis ins Wochenbett. \u201eIn letzter Konsequenz best\u00e4tigt das Nationale Gesundheitsziel dabei auch unsere langj\u00e4hrige Forderung nach einer Eins-zu-eins-Betreuung durch eine Hebamme w\u00e4hrend der Geburt. Daf\u00fcr m\u00fcssen Hebammenstellen bedarfsorientiert aufgestockt werden. Der Arbeitsalltag in den Kliniken muss nachhaltiger gestaltet und nicht zuletzt die Arbeit der Hebammen besser verg\u00fctet werden\u201c, fordert Ulrike Geppert-Orthofer unter Berufung auf das im Januar ver\u00f6ffentlichte IGES-Gutachten zur Hebammenversorgung in den Kliniken.<\/span><\/span><\/span><\/p>\n<p align=\"LEFT\"><a href=\"https:\/\/www.bundesgesundheitsministerium.de\/fileadmin\/Dateien\/5_Publikationen\/Gesundheit\/Berichte\/stationaere_Hebammenversorgung_IGES-Gutachten.pdf\" target=\"_blank\" rel=\"noopener\"><span style=\"color: #000000;\"><span style=\"font-family: Calibri, sans-serif;\"><span style=\"font-size: medium;\">Link zum IGES-Gutachten zur station\u00e4ren Hebammenversorgung<\/span><\/span><\/span><\/a><\/p>\n<p align=\"LEFT\"><a href=\"https:\/\/www.bundesgesundheitsministerium.de\/fileadmin\/Dateien\/5_Publikationen\/Gesundheit\/Broschueren\/Nationales_Gesundheitsziel_-_Gesundheit_rund_um_die_Geburt_barrierefrei.pdf\" target=\"_blank\" rel=\"noopener\"><span style=\"color: #000000;\"><span style=\"font-family: Calibri, sans-serif;\"><span style=\"font-size: medium;\">Link zum Nationalen Gesundheitsziel \u201eGesundheit rund um die Geburt\u201c<\/span><\/span><\/span><\/a><\/p>\n<p align=\"LEFT\"><span style=\"color: #212529;\"><span style=\"font-family: Calibri, sans-serif;\"><span style=\"font-size: medium;\">Das Nationale Gesundheitsziel \u201eGesundheit rund um die Geburt\u201c wurde zwei Jahre von einer Expert*innengruppe erarbeitet und gemeinsam verabschiedet.\u00a0Hintergrund war die Notwendigkeit, bei der Schwangerenvorsorge, der Geburtshilfe sowie im Wochenbett und bis zum Ende des ersten Lebensjahres des Kindes weitreichende Verbesserungen zu erreichen. Die vorgeschlagenen Ma\u00dfnahmen sollen unter anderem eine gesunde Schwangerschaft sowie eine physiologische Geburt ohne Interventionen erm\u00f6glichen und f\u00f6rdern. Weitere Ziele sind die St\u00e4rkung des fr\u00fchen Wochenbetts und der fr\u00fchen Elternschaft, die Unterst\u00fctzung der Familienentwicklung w\u00e4hrend des ersten Jahres nach der Geburt sowie die F\u00f6rderung der gesunden Entwicklung von Eltern und Kind.<\/span><\/span><\/span><\/p>\n<p>\u00a0<\/p>\n<header>\n<h3 style=\"text-align: left;\">Ultraschall und CTG bald nur noch erlaubt,\u00a0wenn n\u00f6tig?<\/h3>\n<p style=\"text-align: left;\">3. Februar 2019<\/p>\n<\/header>\n<p style=\"text-align: left;\"><strong><em>Der Gesetzgeber hat es ab 2021 wegen kindlicher Gesundheitsbelastung untersagt, Ultraschall (US) ohne medizinische Indikation durchzuf\u00fchren<\/em>.<\/strong> Grundlage daf\u00fcr ist eine Verordnung vom 5. Dezember 2018 im Bundesgesetzblatt: die \u201eVerordnung zum Schutz vor sch\u00e4dlichen Wirkungen nichtionisierender Strahlung bei der Anwendung am Menschen\u201c (BGBl 2187-2196, Jahrgang 2018, Teil I Nr. 41)<\/p>\n<p style=\"text-align: left;\">Das bezieht sich auch auf das CTG-Schreiben, das bei 90 Prozent der Frauen ab Schwangerschaftsmitte durchgef\u00fchrt wird, obwohl die Mutterschaftsrichtlinie und die medizinischen Leitlinien eine Routine-Anwendung der hochenergetischen Technologie nicht vorsieht. Alle Schallexpositionen, die \u00fcber die medizinisch notwendigen Anwendungen hinaus gehen, gelten dann als Ordnungswidrigkeit.<\/p>\n<p style=\"text-align: left;\">Der Grund f\u00fcr das Verbot sei, dass Ultraschallwellen auf das Ungeborene nicht unerhebliche biophysikalische Auswirkungen haben, deren Folgen insbesondere f\u00fcr die Hirnentwicklung trotz eindrucksvoller Datenlage untersch\u00e4tzt werden. Die Gefahren und Wirkungen auf Zellen und Gewebe wie Zellver\u00e4nderung, -sch\u00e4digung, Erw\u00e4rmung und Bildung von dampfgef\u00fcllten Hohlr\u00e4umen (Kavitation) waren zwar bekannt, wurden jedoch von vielfach von \u00c4rztInnen nicht angemessen ber\u00fccksichtigt, hei\u00dft es in der\u00a0<strong>gemeinsamen Presseerkl\u00e4rung<\/strong>\u00a0von Dr. Otwin Linderkamp, em. Prof. f\u00fcr Kinder- und Jugendmedizin der Universit\u00e4t Heidelberg, der 2017 eine Studie zur Sicherheit der pr\u00e4natalen US-Diagnostik f\u00fcr das Kind durchgef\u00fchrt hatte, Dr. Sven Hildebrandt, Prof. f\u00fcr Frauenheilkunde und Geburtshilfe an der Hochschule Fulda, und Irene\u00a0 Behrmann und\u00a0 Anna Gro\u00df-Alpers von Greenbirth e.V.<br \/>&gt; mehr Info:\u00a0<a href=\"http:\/\/www.greenbirth.de\/geburts-abc\/u\/378-ultraschall-grundinformation-2.%20html\" target=\"_blank\" rel=\"noopener noreferrer\">www.greenbirth.de<\/a><\/p>\n","protected":false},"excerpt":{"rendered":"<p>Liebe Schwangere, bitte meldet Euch rechtzeitig zu den\u00a0 Kursen bzw. f\u00fcr eine Wochenbettsbetreuung an, da unsere Kapazit\u00e4ten begrenzt sind und kurzfristige Anfragen [&hellip;]<\/p>\n","protected":false},"author":4,"featured_media":0,"parent":0,"menu_order":0,"comment_status":"closed","ping_status":"open","template":"","meta":{"footnotes":""},"class_list":["post-304","page","type-page","status-publish","hentry"],"_links":{"self":[{"href":"https:\/\/hebammenpraxis-am-steinlein.de\/index.php?rest_route=\/wp\/v2\/pages\/304","targetHints":{"allow":["GET"]}}],"collection":[{"href":"https:\/\/hebammenpraxis-am-steinlein.de\/index.php?rest_route=\/wp\/v2\/pages"}],"about":[{"href":"https:\/\/hebammenpraxis-am-steinlein.de\/index.php?rest_route=\/wp\/v2\/types\/page"}],"author":[{"embeddable":true,"href":"https:\/\/hebammenpraxis-am-steinlein.de\/index.php?rest_route=\/wp\/v2\/users\/4"}],"replies":[{"embeddable":true,"href":"https:\/\/hebammenpraxis-am-steinlein.de\/index.php?rest_route=%2Fwp%2Fv2%2Fcomments&post=304"}],"version-history":[{"count":80,"href":"https:\/\/hebammenpraxis-am-steinlein.de\/index.php?rest_route=\/wp\/v2\/pages\/304\/revisions"}],"predecessor-version":[{"id":3677,"href":"https:\/\/hebammenpraxis-am-steinlein.de\/index.php?rest_route=\/wp\/v2\/pages\/304\/revisions\/3677"}],"wp:attachment":[{"href":"https:\/\/hebammenpraxis-am-steinlein.de\/index.php?rest_route=%2Fwp%2Fv2%2Fmedia&parent=304"}],"curies":[{"name":"wp","href":"https:\/\/api.w.org\/{rel}","templated":true}]}}