{"id":3101,"date":"2023-03-09T17:24:51","date_gmt":"2023-03-09T15:24:51","guid":{"rendered":"https:\/\/hebammenpraxis-am-steinlein.de\/?page_id=3101"},"modified":"2024-09-11T21:23:16","modified_gmt":"2024-09-11T19:23:16","slug":"hebammenhilfe-in-besonderen-situationen","status":"publish","type":"page","link":"https:\/\/hebammenpraxis-am-steinlein.de\/?page_id=3101","title":{"rendered":"Hebammenhilfe bei Fehlgeburt und Sternenkind"},"content":{"rendered":"\n<h3 class=\"wp-block-heading\"><strong>Begleitung von Eltern\/Frauen bei einer Fehlgeburt<\/strong><\/h3>\n\n\n\n<p>Du hast Zeit. Kinder die in dieser fr\u00fchen Phase der Schwangerschaft zur Welt kommen, stellen keine Gefahr f\u00fcr dich dar. Es ist ein ganz nat\u00fcrlicher Prozess, der manchmal etwas Zeit braucht. Zeit zum Realisieren und zum Trauern. <br>Zeit damit dein K\u00f6rper sich auf die Geburt deines Kindes vorbereiten kann. Auch hier k\u00f6nnen wir dir kompetent zur Seite stehen und dich auf die Geburt vorbereiten sowie begleiten.<\/p>\n\n\n\n<p>Nach einer Geburt in dieser fr\u00fchen Zeit solltet ihr euch eine Auszeit nehmen. Die Betreuung durch eine Hebamme umfasst die Beobachtung der R\u00fcckbildungsvorg\u00e4nge , Gespr\u00e4chsarbeit, sowie das Miteinbeziehen von eventuell ben\u00f6tigten Kooperationen um den Wiedereinstieg in den Alltag so gut wie m\u00f6glich zu gestalten.<\/p>\n\n\n\n<p>Kontaktiere Heike Kralik <a href=\"mailto:info@hebammenpraxis-am-steinlein.de\">info@hebammenpraxis-am-steinlein.de<\/a><\/p>\n\n\n\n<p><\/p>\n\n\n\n<h3 class=\"wp-block-heading\"><strong>Hebammenhilfe in Krisensituationen<\/strong><\/h3>\n\n\n\n<p>So gro\u00df die Freude \u00fcber die Ankunft eines neuen Lebens ist , so gro\u00df ist auch die Trauer und die Verzweiflung wenn dieses Leben in der Mitte seiner Familie pl\u00f6tzlich fehlt.<\/p>\n\n\n\n<p>Wir Hebammen begleiten euch auch in dieser Zeit.<\/p>\n\n\n\n<p>Frauen\/Eltern die ihr Kind vor oder nach der Geburt verloren haben, stehen gleichberechtigt Hebammenhilfe in Form von Wochenbettbesuchen oder Beratungen zu.<\/p>\n\n\n\n<p>Zudem verf\u00fcgen wir \u00fcber ein gro\u00dfes Netzwerk an Kooperationen die euch unterst\u00fctzend zur Seite stehen k\u00f6nnen.<\/p>\n","protected":false},"excerpt":{"rendered":"<p>Begleitung von Eltern\/Frauen bei einer Fehlgeburt Du hast Zeit. Kinder die in dieser fr\u00fchen Phase der Schwangerschaft zur Welt kommen, stellen keine [&hellip;]<\/p>\n","protected":false},"author":3,"featured_media":0,"parent":0,"menu_order":0,"comment_status":"closed","ping_status":"closed","template":"","meta":{"footnotes":""},"class_list":["post-3101","page","type-page","status-publish","hentry"],"_links":{"self":[{"href":"https:\/\/hebammenpraxis-am-steinlein.de\/index.php?rest_route=\/wp\/v2\/pages\/3101","targetHints":{"allow":["GET"]}}],"collection":[{"href":"https:\/\/hebammenpraxis-am-steinlein.de\/index.php?rest_route=\/wp\/v2\/pages"}],"about":[{"href":"https:\/\/hebammenpraxis-am-steinlein.de\/index.php?rest_route=\/wp\/v2\/types\/page"}],"author":[{"embeddable":true,"href":"https:\/\/hebammenpraxis-am-steinlein.de\/index.php?rest_route=\/wp\/v2\/users\/3"}],"replies":[{"embeddable":true,"href":"https:\/\/hebammenpraxis-am-steinlein.de\/index.php?rest_route=%2Fwp%2Fv2%2Fcomments&post=3101"}],"version-history":[{"count":5,"href":"https:\/\/hebammenpraxis-am-steinlein.de\/index.php?rest_route=\/wp\/v2\/pages\/3101\/revisions"}],"predecessor-version":[{"id":3664,"href":"https:\/\/hebammenpraxis-am-steinlein.de\/index.php?rest_route=\/wp\/v2\/pages\/3101\/revisions\/3664"}],"wp:attachment":[{"href":"https:\/\/hebammenpraxis-am-steinlein.de\/index.php?rest_route=%2Fwp%2Fv2%2Fmedia&parent=3101"}],"curies":[{"name":"wp","href":"https:\/\/api.w.org\/{rel}","templated":true}]}}