{"id":3244,"date":"2023-07-28T15:44:04","date_gmt":"2023-07-28T13:44:04","guid":{"rendered":"https:\/\/hebammenpraxis-am-steinlein.de\/?page_id=3244"},"modified":"2023-11-10T12:14:39","modified_gmt":"2023-11-10T10:14:39","slug":"seminarraum-mieten","status":"publish","type":"page","link":"https:\/\/hebammenpraxis-am-steinlein.de\/?page_id=3244","title":{"rendered":"Seminarraum mieten"},"content":{"rendered":"\n\n\n<h2><span style=\"color: #ff9900;\"><strong>Seminarr\u00e4ume am Steinlein<\/strong><\/span><\/h2>\n<p><em>Egal ob Du Kurse, Workshops, Fortbildungen oder Seminare anbieten m\u00f6chtest, <\/em><br \/><em>unsere R\u00e4ume bieten vielf\u00e4ltige Nutzungsm\u00f6glichkeiten.<\/em><\/p>\n<p><span style=\"color: #808080;\"><strong>Wir vermieten:<\/strong><\/span><br \/><strong><span style=\"color: #ff9900;\">Gro\u00dfer Seminarraum<\/span><\/strong> mit ca. 60 m\u00b2 <br \/>inklusive Nutzung der K\u00fcche (Herdplatten, Ofen, Mikrowelle, Sp\u00fcle, Kaffeemaschine, Geschirr)<br \/>M\u00f6glichkeit der Bestuhlung (30 Personen), 8 Tische, Gymnasikmatten, Kissen, Hocker, Pezzib\u00e4lle<\/p>\n<p><strong><span style=\"color: #ff9900;\">Kleiner Seminarraum<\/span><\/strong> ca 25 m\u00b2 <br \/>gem\u00fctlicher Raum mit Sofas und Einbauk\u00fcche, Bestuhlung und Tische m\u00f6glich. Flexibel nutzbar z.B. f\u00fcr kleine Kochseminare, praktische Workshops, Naturkosmetik u.a.<\/p>\n<p><span style=\"color: #993300;\"><strong><span style=\"color: #808080;\">Preise:<\/span><br \/><\/strong><\/span><strong><span style=\"color: #ff9900;\">Gro\u00dfer Seminarraum<\/span><\/strong><br \/>15 \u20ac pro Stunde<br \/>100 \u20ac pro Tag<br \/>150 \u20ac Samstag und Sonntag<\/p>\n<p><strong><span style=\"color: #ff9900;\">Kleiner Seminarrraum<\/span><\/strong><br \/>10 \u20ac pro Stunde<br \/>65 \u20ac pro Tag<br \/>110 \u20ac Samstag und Sonntag:<\/p>\n<p><strong><span style=\"color: #ff9900;\">Beide R\u00e4ume zusammen<\/span><\/strong><br \/>22 \u20ac pro Stunde<br \/>155 \u20ac pro Tag<br \/>240 \u20ac Samstag und Sonntag<\/p>\n<p>Bitte sende uns das Kontaktformular bei Interesse m\u00f6glichst fr\u00fchzeitig zur\u00fcck, <br \/>damit wir Deinen Termin einplanen k\u00f6nnen. Wir melden uns zeitnah bei Dir und best\u00e4tigen ihn, <br \/>sofern er noch frei ist oder bieten Dir einen Ersatztermin an.<\/p>\n<div class=\"wpforms-container wpforms-container-full\" id=\"wpforms-3289\"><form id=\"wpforms-form-3289\" class=\"wpforms-validate wpforms-form\" data-formid=\"3289\" method=\"post\" enctype=\"multipart\/form-data\" action=\"\/index.php?rest_route=%2Fwp%2Fv2%2Fpages%2F3244\" data-token=\"be6409352cbafb3a0fc7e0179ed99663\" data-token-time=\"1776199856\"><noscript class=\"wpforms-error-noscript\">Bitte aktiviere JavaScript in deinem Browser, um dieses Formular fertigzustellen.<\/noscript><div class=\"wpforms-field-container\"><div id=\"wpforms-3289-field_15-container\" class=\"wpforms-field wpforms-field-text\" data-field-id=\"15\"><label class=\"wpforms-field-label\" for=\"wpforms-3289-field_15\">Terminwunsch f\u00fcr Deine Veranstaltung \/ Kurs <span class=\"wpforms-required-label\">*<\/span><\/label><input type=\"text\" id=\"wpforms-3289-field_15\" class=\"wpforms-field-medium wpforms-field-required\" name=\"wpforms[fields][15]\" required><\/div><div id=\"wpforms-3289-field_11-container\" class=\"wpforms-field wpforms-field-checkbox\" data-field-id=\"11\"><label class=\"wpforms-field-label\">Raum <span class=\"wpforms-required-label\">*<\/span><\/label><ul id=\"wpforms-3289-field_11\" class=\"wpforms-field-required\" data-choice-limit=\"3\"><li class=\"choice-6 depth-1\"><input type=\"checkbox\" id=\"wpforms-3289-field_11_6\" data-rule-check-limit=\"true\" name=\"wpforms[fields][11][]\" value=\"Gro\u00dfer Seminarraum (ca. 60 m\u00b2)\" required ><label class=\"wpforms-field-label-inline\" for=\"wpforms-3289-field_11_6\">Gro\u00dfer Seminarraum (ca. 60 m\u00b2)<\/label><\/li><li class=\"choice-5 depth-1\"><input type=\"checkbox\" id=\"wpforms-3289-field_11_5\" data-rule-check-limit=\"true\" name=\"wpforms[fields][11][]\" value=\"Kleiner Seminarraum ca 25 m\u00b2\" required ><label class=\"wpforms-field-label-inline\" for=\"wpforms-3289-field_11_5\">Kleiner Seminarraum ca 25 m\u00b2<\/label><\/li><li class=\"choice-7 depth-1\"><input type=\"checkbox\" id=\"wpforms-3289-field_11_7\" data-rule-check-limit=\"true\" name=\"wpforms[fields][11][]\" value=\"Beide R\u00e4ume\" required ><label class=\"wpforms-field-label-inline\" for=\"wpforms-3289-field_11_7\">Beide R\u00e4ume<\/label><\/li><\/ul><\/div><div id=\"wpforms-3289-field_6-container\" class=\"wpforms-field wpforms-field-text\" data-field-id=\"6\"><label class=\"wpforms-field-label\" for=\"wpforms-3289-field_6\">Vortrag \/ Seminar \/ Kurs \/ ?   ...Kurze Beschreibung <span class=\"wpforms-required-label\">*<\/span><\/label><input type=\"text\" id=\"wpforms-3289-field_6\" class=\"wpforms-field-medium wpforms-field-required\" name=\"wpforms[fields][6]\" required><\/div><div id=\"wpforms-3289-field_0-container\" class=\"wpforms-field wpforms-field-name\" data-field-id=\"0\"><label class=\"wpforms-field-label\">Name <span class=\"wpforms-required-label\">*<\/span><\/label><div class=\"wpforms-field-row wpforms-field-medium\"><div class=\"wpforms-field-row-block wpforms-first wpforms-one-half\"><input type=\"text\" id=\"wpforms-3289-field_0\" class=\"wpforms-field-name-first wpforms-field-required\" name=\"wpforms[fields][0][first]\" required><label for=\"wpforms-3289-field_0\" class=\"wpforms-field-sublabel after\">Vorname<\/label><\/div><div class=\"wpforms-field-row-block wpforms-one-half\"><input type=\"text\" id=\"wpforms-3289-field_0-last\" class=\"wpforms-field-name-last wpforms-field-required\" name=\"wpforms[fields][0][last]\" required><label for=\"wpforms-3289-field_0-last\" class=\"wpforms-field-sublabel after\">Nachname<\/label><\/div><\/div><\/div><div id=\"wpforms-3289-field_1-container\" class=\"wpforms-field wpforms-field-email\" data-field-id=\"1\"><label class=\"wpforms-field-label\" for=\"wpforms-3289-field_1\">E-Mail <span class=\"wpforms-required-label\">*<\/span><\/label><input type=\"email\" id=\"wpforms-3289-field_1\" class=\"wpforms-field-medium wpforms-field-required\" name=\"wpforms[fields][1]\" spellcheck=\"false\" required><\/div><div id=\"wpforms-3289-field_5-container\" class=\"wpforms-field wpforms-field-text\" data-field-id=\"5\"><label class=\"wpforms-field-label\" for=\"wpforms-3289-field_5\">Telefon <span class=\"wpforms-required-label\">*<\/span><\/label><input type=\"text\" id=\"wpforms-3289-field_5\" class=\"wpforms-field-medium wpforms-field-required\" name=\"wpforms[fields][5]\" required><\/div><div id=\"wpforms-3289-field_16-container\" class=\"wpforms-field wpforms-field-textarea\" data-field-id=\"16\"><label class=\"wpforms-field-label\" for=\"wpforms-3289-field_16\">Nachricht<\/label><textarea id=\"wpforms-3289-field_16\" class=\"wpforms-field-medium\" name=\"wpforms[fields][16]\" ><\/textarea><\/div><div id=\"wpforms-3289-field_8-container\" class=\"wpforms-field wpforms-field-gdpr-checkbox\" data-field-id=\"8\"><label class=\"wpforms-field-label\">DSGVO-Einverst\u00e4ndnis <span class=\"wpforms-required-label\">*<\/span><\/label><ul id=\"wpforms-3289-field_8\" class=\"wpforms-field-required\"><li class=\"choice-1\"><input type=\"checkbox\" id=\"wpforms-3289-field_8_1\" name=\"wpforms[fields][8][]\" value=\"Ich willige ein, dass diese Website meine \u00fcbermittelten Informationen speichert, sodass meine Anfrage beantwortet werden kann.\" required ><label class=\"wpforms-field-label-inline\" for=\"wpforms-3289-field_8_1\">Ich willige ein, dass diese Website meine \u00fcbermittelten Informationen speichert, sodass meine Anfrage beantwortet werden kann.<\/label><\/li><\/ul><\/div><\/div><!-- .wpforms-field-container --><div class=\"wpforms-submit-container\" ><input type=\"hidden\" name=\"wpforms[id]\" value=\"3289\"><input type=\"hidden\" name=\"page_title\" value=\"\"><input type=\"hidden\" name=\"page_url\" value=\"https:\/\/hebammenpraxis-am-steinlein.de\/index.php?rest_route=\/wp\/v2\/pages\/3244\"><input type=\"hidden\" name=\"url_referer\" value=\"\"><button type=\"submit\" name=\"wpforms[submit]\" id=\"wpforms-submit-3289\" class=\"wpforms-submit\" data-alt-text=\"Senden...\" data-submit-text=\"Absenden\" aria-live=\"assertive\" value=\"wpforms-submit\">Absenden<\/button><\/div><\/form><\/div>  <!-- .wpforms-container -->\n","protected":false},"excerpt":{"rendered":"<p>Seminarr\u00e4ume am Steinlein Egal ob Du Kurse, Workshops, Fortbildungen oder Seminare anbieten m\u00f6chtest, unsere R\u00e4ume bieten vielf\u00e4ltige Nutzungsm\u00f6glichkeiten. Wir vermieten:Gro\u00dfer Seminarraum mit [&hellip;]<\/p>\n","protected":false},"author":3,"featured_media":0,"parent":0,"menu_order":0,"comment_status":"closed","ping_status":"closed","template":"","meta":{"footnotes":""},"class_list":["post-3244","page","type-page","status-publish","hentry"],"_links":{"self":[{"href":"https:\/\/hebammenpraxis-am-steinlein.de\/index.php?rest_route=\/wp\/v2\/pages\/3244","targetHints":{"allow":["GET"]}}],"collection":[{"href":"https:\/\/hebammenpraxis-am-steinlein.de\/index.php?rest_route=\/wp\/v2\/pages"}],"about":[{"href":"https:\/\/hebammenpraxis-am-steinlein.de\/index.php?rest_route=\/wp\/v2\/types\/page"}],"author":[{"embeddable":true,"href":"https:\/\/hebammenpraxis-am-steinlein.de\/index.php?rest_route=\/wp\/v2\/users\/3"}],"replies":[{"embeddable":true,"href":"https:\/\/hebammenpraxis-am-steinlein.de\/index.php?rest_route=%2Fwp%2Fv2%2Fcomments&post=3244"}],"version-history":[{"count":6,"href":"https:\/\/hebammenpraxis-am-steinlein.de\/index.php?rest_route=\/wp\/v2\/pages\/3244\/revisions"}],"predecessor-version":[{"id":3394,"href":"https:\/\/hebammenpraxis-am-steinlein.de\/index.php?rest_route=\/wp\/v2\/pages\/3244\/revisions\/3394"}],"wp:attachment":[{"href":"https:\/\/hebammenpraxis-am-steinlein.de\/index.php?rest_route=%2Fwp%2Fv2%2Fmedia&parent=3244"}],"curies":[{"name":"wp","href":"https:\/\/api.w.org\/{rel}","templated":true}]}}