{"id":3845,"date":"2025-01-18T17:28:38","date_gmt":"2025-01-18T15:28:38","guid":{"rendered":"https:\/\/hebammenpraxis-am-steinlein.de\/?page_id=3845"},"modified":"2025-01-18T17:54:01","modified_gmt":"2025-01-18T15:54:01","slug":"faq-kleidertauschparty","status":"publish","type":"page","link":"https:\/\/hebammenpraxis-am-steinlein.de\/?page_id=3845","title":{"rendered":"FAQ Kleidertauschparty"},"content":{"rendered":"\n<p class=\"has-medium-font-size\">Worum geht es bei Kleidertauschpartys?<\/p>\n\n\n\n<p>Kleidertauschpartys haben das Ziel, die Lebensdauer von Kleidungsst\u00fccken auf spa\u00dfige Art zu verl\u00e4ngern. Au\u00dferdem geben sie dir die M\u00f6glichkeit, nachhaltig und kostenlos neue Kleidung f\u00fcr deine Garderobe zu finden.<\/p>\n\n\n\n<p class=\"has-medium-font-size\">Wie lange dauert eine Kleidertauschparty?<\/p>\n\n\n\n<p>Tauschparties dauern meistens 2 bis 4 Stunden. Als Geburtsagsevent o.\u00e4. kann es je nach Feierlaune auch l\u00e4nger gehen.<\/p>\n\n\n\n<p class=\"has-medium-font-size\">Was muss ich vorbereiten?<\/p>\n\n\n\n<p>W\u00e4hle einen Wunschtermin und melde die Party an<br>Du l\u00e4dst bis zu 8 Tauschpartner<em>innen ein &#8211; Kolleg<\/em>innen, Freund*innen, Freizeitbekannte, Verwandte\u2026<br>Von Vorteil ist, wenn Teilnehmerinnen eine \u00e4hnliche Gr\u00f6\u00dfe haben. Es sollten aber immer mindestens zwei Teilnehmende dieselbe Gr\u00f6\u00dfe haben, damit am Ende keiner leer ausgeht.<br>Entscheide(t) ob ihr euch mit\/ ohne Motto treffen wollt und zu welchen Regeln (Anzahl der Kleidungsst\u00fccke siehe \u201eRegeln\u201c)<br>m\u00f6gliche Mottos: Freizeit und Sport, Abendgarderobe, nach Jahreszeit: Fr\u00fchjahr\/ Sommer, Herbst\/ Winter, Fasching, Party, Urlaub, Accessoires, nach Gr\u00f6\u00dfen: XXL, XS<br>Mistet eure Schr\u00e4nke aus, damit ihr gut erhaltene Klamotten und Accessoires zum Tauschen habt. Alles, was dir nicht mehr passt, gef\u00e4llt und noch in einem guten Zustand ist, kannst du aussortieren.<br>Gute Verpflegung ist wichtig. Wer bringt etwas mit?<br>Playlist<\/p>\n\n\n\n<p class=\"has-medium-font-size\">Wie l\u00e4uft die Kleidertauschparty ab?<\/p>\n\n\n\n<p>&#8218;Ihr betretet den Ort des Geschehens und sortiert eure Kleidungsst\u00fccke selbst auf die Kleiderstangen oder Tische. Bei manchen Tauschpartys gibt es<br \/>auch einfach einen gro\u00dfen Klamottenhaufen in der Mitte\u2026 wie ihr m\u00f6gt!<br \/>Richtet Getr\u00e4nke\/ Snacks, ggf. Musik und begr\u00fc\u00dft euch, stellt euch ggf. vor, kommt an, sto\u00dft an!<br \/>Sobald ihr alles verteilt habt k\u00f6nnt ihr loslegen! Schaut euch um und probiert neue Sachen an.<br \/>Am besten hat jede\/r ein K\u00f6rbchen\/ Tasche o.\u00e4. in der die ergatterten St\u00fccke verstaut werden k\u00f6nnen.<br \/>Achtet auf eure eigenen Kleider\/ Taschen\/ Schuhe damit sie nicht versehentlich getauscht werden .-)<br \/>Beratet euch gegenseitig, findet passende St\u00fccke f\u00fcr andere (mit der Zeit lernt man die Vorlieben der anderen kennen)<br \/>wenn alle alles gesehen haben, hoffentlich jede\/r zufrieden ist, wird der Rest der Kleider von allen nochmal schnell inspiziert und sortiert. Der Rote-Kreuz-Laden und auch andere Adressen nehmen guterhaltene Kleidung gerne an. Ganz ausrangiertes kommt in den Container.<br \/>Abschlie\u00dfend nehmt ihr \u00fcbrige Kleider wieder mit nach Hause oder verpackt sie geordnet in Kleiders\u00e4cke und wir \u00fcbernehmen die weitere Verwertung (Rotkreuzladen, Heime o.\u00e4.) &#8211; f\u00fcr maximal zwei Kleiders\u00e4cke!<br \/>Ihr r\u00e4umt noch das Geschirr in die Sp\u00fclmaschine \u2013 das war&#8217;s, den Rest erledigen wir.<\/p>\n\n\n\n<p class=\"has-medium-font-size\">Welche Regeln gelten bei einer Kleidertauschparty?<\/p>\n\n\n\n<p>Die Kleidung sollte sauber und intakt sein. Mit defekten Altkleidern macht ihr niemanden eine Freude. Mehr noch, es sollten attraktive Klamotten sein.<br>Definiere die Menge der mitgebrachten Kleidung z.B. 10 &#8211; 20 Teile oder einen W\u00e4schekorb voll (bei deutlich mehr wird es un\u00fcbersichtlich und es bleibt zu viel \u00fcbrig)<br>Es darf nur Kleidung f\u00fcr den Eigenbedarf mitgenommen werden<br>Diejenigen mit vielen Fundst\u00fccken halten sich zur\u00fcck<\/p>\n\n\n\n<p class=\"has-medium-font-size\">Welche Tauschmodalit\u00e4ten gibt es?<\/p>\n\n\n\n<p><strong>Tauschen ohne Limit<\/strong><br>Alle d\u00fcrfen sich so viele Kleidungsst\u00fccke mitnehmen, wie sie wollen. Das verhindert, dass am Ende zu viel Kleidung \u00fcbrig bleibt.<\/p>\n\n\n\n<p><strong>Tauschen in Balance<\/strong><br>Alle G\u00e4ste d\u00fcrfen sich so viele Kleidungsst\u00fccke mitnehmen, wie sie mitgebracht haben. Solltet ihr viele Menschen erwarten, kann jede Person beim Einlass z.B. eine Karte oder einen Chip pro mitgebrachtem Kleidungsst\u00fcck erhalten (oder auch zwei bei besonders hochwertigen Teilen). So habt ihr einen \u00dcberblick und Sicherheit, dass alle sich an die Regeln halten.<\/p>\n\n\n\n<p><strong>Wie l\u00e4uft das eigentliche Tauschen ab?<\/strong><br>Damit sicher keiner ungerecht behandelt f\u00fchlt, solltest du dir ein Prozedere \u00fcberlegen, wie die Kleidung fair verteilt wird. Du k\u00f6nntest jedem Teilnehmer einen Stapel zuweisen (z.B. T-Shirts, Pullover etc.) und dann wird reihum getauscht. Eine Alternative ist, es, dass sich jeder zun\u00e4chst einmal drei Lieblingsteile aussucht oder dass die Kleidung eines Teilnehmers einfach reihum weitergegeben wird. Oder aber jeder Teilnehmer darf so viel mitnehmen, wie er mitgebracht hat. Oder ihr teilt einfach wild untereinander \u2013 wir haben immer einen riesigen Kleiderhaufen in der Mitte und alle sitzen drumherum und jede\/r nimmt sich was gef\u00e4llt. Gruppen, die l\u00e4nger bestehen, kennen dann schon die Vorlieben der Teilnehmer*innen und verteilen die Kleidung entsprechend<\/p>\n\n\n\n<p><strong>Was, wenn sich zwei Teilnehmer in dasselbe Teil verlieben?<\/strong><br>Sollten sich zwei Teilnehmer in das gleiche Teil verlieben, gibt es gute L\u00f6sungen:<br>die G\u00e4ste entscheiden, wem es besser steht<br>Der\/ Diejenige mit den wenigsten Teilen bekommt es<br>wer besser argumentiert bekommt es<\/p>\n\n\n\n<p><strong>Was geschieht mit Kleidung, die \u00fcbrig bleibt?<\/strong><\/p>\n\n\n\n<p>Nach der Kleidertauschparty bleiben wahrscheinlich Kleidungsst\u00fccke \u00fcbrig. Plane vorab, was mit dieser Kleidung passiert. Macht selbst eine Kleiderspende beispielsweise an Einrichtungen wie Kleiderkammern oder wir bringen die Kleider zum Rotkreuz-Laden in Karlstadt oder an eine \u00e4hnliche, soziale Organisation. (maximal zwei Kleiders\u00e4cke)<\/p>\n\n\n\n<p><strong>Warum sind Kleidertauschpartys sinnvoll?<\/strong><\/p>\n\n\n\n<p>Nachhaltig mit Kleidung umgehen schont Ressourcen.<br>In jedem Kleidungsst\u00fcck stecken Rohstoffe und Energie. Umso wichtiger ist es, wie wir mit Kleidung umgehen und was mit den rund 16 Teilen geschieht, die jede*r statistisch gesehen pro Jahr aussortiert. H\u00e4ufig landen sie im M\u00fcll oder im Altkleidercontainer und werden selten wiederverwendet.<br>Wir leben und konsumieren im globalen Norden mit unseren linearen Gesch\u00e4ftsmodellen deutlich \u00fcber den Kapazit\u00e4ten unseres Planeten, dabei verschwenden wir endliche und wertvolle Ressourcen, die am Ende noch zur Verm\u00fcllung der Umwelt f\u00fchren.<br>Deutschland z\u00e4hlt zu den traurigen Spitzenreitern: Wenn alle Menschen auf der Welt so leben w\u00fcrden wie die Bev\u00f6lkerung Deutschlands, w\u00e4re der Earth Overshoot Day, der Tag an dem alle Ressourcen des Jahres bereits verbraucht sind, schon am 04.05.2023! Dann br\u00e4uchten wir drei Erden, um unseren \u00fcberm\u00e4\u00dfigen Verbrauch an Ressourcen zu stillen.<\/p>\n\n\n\n<p>Lasst uns gemeinsam die Alternativen zu Fast Fashion und \u00dcberkonsum feiern! Das nachhaltigste Textil ist immer eines, das nicht neu hergestellt werden muss!<br>Extra-Tipp<br>Richtet bei Eurer Party auch eine <strong>Upcycling-Ecke<\/strong> ein. So k\u00f6nnt ihr Klamotten reparieren und versch\u00f6nern.<\/p>\n","protected":false},"excerpt":{"rendered":"<p>Worum geht es bei Kleidertauschpartys? Kleidertauschpartys haben das Ziel, die Lebensdauer von Kleidungsst\u00fccken auf spa\u00dfige Art zu verl\u00e4ngern. Au\u00dferdem geben sie dir [&hellip;]<\/p>\n","protected":false},"author":3,"featured_media":0,"parent":0,"menu_order":0,"comment_status":"closed","ping_status":"closed","template":"","meta":{"footnotes":""},"class_list":["post-3845","page","type-page","status-publish","hentry"],"_links":{"self":[{"href":"https:\/\/hebammenpraxis-am-steinlein.de\/index.php?rest_route=\/wp\/v2\/pages\/3845","targetHints":{"allow":["GET"]}}],"collection":[{"href":"https:\/\/hebammenpraxis-am-steinlein.de\/index.php?rest_route=\/wp\/v2\/pages"}],"about":[{"href":"https:\/\/hebammenpraxis-am-steinlein.de\/index.php?rest_route=\/wp\/v2\/types\/page"}],"author":[{"embeddable":true,"href":"https:\/\/hebammenpraxis-am-steinlein.de\/index.php?rest_route=\/wp\/v2\/users\/3"}],"replies":[{"embeddable":true,"href":"https:\/\/hebammenpraxis-am-steinlein.de\/index.php?rest_route=%2Fwp%2Fv2%2Fcomments&post=3845"}],"version-history":[{"count":6,"href":"https:\/\/hebammenpraxis-am-steinlein.de\/index.php?rest_route=\/wp\/v2\/pages\/3845\/revisions"}],"predecessor-version":[{"id":3891,"href":"https:\/\/hebammenpraxis-am-steinlein.de\/index.php?rest_route=\/wp\/v2\/pages\/3845\/revisions\/3891"}],"wp:attachment":[{"href":"https:\/\/hebammenpraxis-am-steinlein.de\/index.php?rest_route=%2Fwp%2Fv2%2Fmedia&parent=3845"}],"curies":[{"name":"wp","href":"https:\/\/api.w.org\/{rel}","templated":true}]}}