{"id":3850,"date":"2025-01-18T16:28:43","date_gmt":"2025-01-18T14:28:43","guid":{"rendered":"https:\/\/hebammenpraxis-am-steinlein.de\/?page_id=3850"},"modified":"2025-01-18T18:03:19","modified_gmt":"2025-01-18T16:03:19","slug":"kleidertausch-hexenkueche","status":"publish","type":"page","link":"https:\/\/hebammenpraxis-am-steinlein.de\/?page_id=3850","title":{"rendered":"Kleidertausch &amp; Hexenk\u00fcche"},"content":{"rendered":"\n<h5><span style=\"color: #999999;\"><b>Kleidertausch<\/b><\/span><\/h5>\n<p>Nachhaltigkeit kann so viel Spa\u00df machen! Ihr trefft euch mit Freund*innen, Kolleg*innen oder mit Menschen gleicher Konfektionsgr\u00f6\u00dfe und tauscht Fundst\u00fccke aus euren Kleiderschr\u00e4nken miteinander.<\/p>\n<p>Wir stellen Raum und Equipment \u2013 ihr findet neue Outfits, habt lustige Stunden und reale soziale Kontakte!<\/p>\n<p>Mehr zu\u00a0 <strong><a href=\"https:\/\/hebammenpraxis-am-steinlein.de\/?page_id=3849\">Kleidertausch und Terminen<\/a><\/strong><\/p>\n<h5><span style=\"color: #999999;\"><b>Hexenk\u00fcche<\/b><\/span><\/h5>\n<p>Naturkosmetik kennenlernen, Babypflegeprodukte selbst herstellen, in geselliger Runde Deo, Cremes und Salben mischen. Mehr \u00fcber die Wirkung von Heilpflanzen und \u00e4therischen \u00d6len erfahren \u2013 das alles geht in der Hexenk\u00fcche!<\/p>\n<p>Bald mehr zur Hexenk\u00fcche und Terminen<\/p>\n\n\n","protected":false},"excerpt":{"rendered":"<p>Kleidertausch Nachhaltigkeit kann so viel Spa\u00df machen! Ihr trefft euch mit Freund*innen, Kolleg*innen oder mit Menschen gleicher Konfektionsgr\u00f6\u00dfe und tauscht Fundst\u00fccke aus [&hellip;]<\/p>\n","protected":false},"author":3,"featured_media":0,"parent":0,"menu_order":0,"comment_status":"closed","ping_status":"closed","template":"","meta":{"footnotes":""},"class_list":["post-3850","page","type-page","status-publish","hentry"],"_links":{"self":[{"href":"https:\/\/hebammenpraxis-am-steinlein.de\/index.php?rest_route=\/wp\/v2\/pages\/3850","targetHints":{"allow":["GET"]}}],"collection":[{"href":"https:\/\/hebammenpraxis-am-steinlein.de\/index.php?rest_route=\/wp\/v2\/pages"}],"about":[{"href":"https:\/\/hebammenpraxis-am-steinlein.de\/index.php?rest_route=\/wp\/v2\/types\/page"}],"author":[{"embeddable":true,"href":"https:\/\/hebammenpraxis-am-steinlein.de\/index.php?rest_route=\/wp\/v2\/users\/3"}],"replies":[{"embeddable":true,"href":"https:\/\/hebammenpraxis-am-steinlein.de\/index.php?rest_route=%2Fwp%2Fv2%2Fcomments&post=3850"}],"version-history":[{"count":6,"href":"https:\/\/hebammenpraxis-am-steinlein.de\/index.php?rest_route=\/wp\/v2\/pages\/3850\/revisions"}],"predecessor-version":[{"id":3894,"href":"https:\/\/hebammenpraxis-am-steinlein.de\/index.php?rest_route=\/wp\/v2\/pages\/3850\/revisions\/3894"}],"wp:attachment":[{"href":"https:\/\/hebammenpraxis-am-steinlein.de\/index.php?rest_route=%2Fwp%2Fv2%2Fmedia&parent=3850"}],"curies":[{"name":"wp","href":"https:\/\/api.w.org\/{rel}","templated":true}]}}