{"id":4145,"date":"2026-04-28T11:14:57","date_gmt":"2026-04-28T09:14:57","guid":{"rendered":"https:\/\/hebammenpraxis-am-steinlein.de\/?page_id=4145"},"modified":"2026-04-28T11:50:59","modified_gmt":"2026-04-28T09:50:59","slug":"ganzheitliche-craniosacrale-physiotherapie","status":"publish","type":"page","link":"https:\/\/hebammenpraxis-am-steinlein.de\/?page_id=4145","title":{"rendered":"Ganzheitliche Craniosacrale Physiotherapie"},"content":{"rendered":"\n\n\n<figure class=\"wp-block-image size-full\"><a href=\"https:\/\/hebammenpraxis-am-steinlein.de\/wp-content\/regina-web.jpg\"><img fetchpriority=\"high\" decoding=\"async\" width=\"850\" height=\"612\" src=\"https:\/\/hebammenpraxis-am-steinlein.de\/wp-content\/regina-web.jpg\" alt=\"\" class=\"wp-image-4144\" srcset=\"https:\/\/hebammenpraxis-am-steinlein.de\/wp-content\/regina-web.jpg 850w, https:\/\/hebammenpraxis-am-steinlein.de\/wp-content\/regina-web-300x216.jpg 300w, https:\/\/hebammenpraxis-am-steinlein.de\/wp-content\/regina-web-768x553.jpg 768w, https:\/\/hebammenpraxis-am-steinlein.de\/wp-content\/regina-web-230x166.jpg 230w, https:\/\/hebammenpraxis-am-steinlein.de\/wp-content\/regina-web-350x252.jpg 350w, https:\/\/hebammenpraxis-am-steinlein.de\/wp-content\/regina-web-480x346.jpg 480w\" sizes=\"(max-width: 850px) 100vw, 850px\" \/><\/a><\/figure>\n\n\n\n\n\n<p class=\"has-text-align-center\">Blockaden der Wirbels\u00e4ule und Gelenke w\u00e4hrend und durch die Geburt, auch durch St\u00fcrze<br><strong>Bewegungsentwicklung<br>Craniosacrale Osteopathie<\/strong><br>Fu\u00dfdeformit\u00e4ten<br>KISS-Syndrom<br>Asymmetrien des Sch\u00e4dels, S\u00e4uglingsskoliose<br><strong>Shonishin &#8211; Kinderakupunktur ohne Nadeln<\/strong><br>Entwicklungsverz\u00f6gerungen<br>Unterst\u00fctzung bei Trinkschw\u00e4che\/Nahrungsaufnahme-St\u00f6rungen<br>Bl\u00e4hungen \/ Verdauungsprobleme<br>Wickeltraining mit unruhigen Kindern<br>Schwangerschaftsprobleme, auch nach der Geburt<br><strong>Narbenentst\u00f6rung<\/strong><\/p>\n\n\n\n<p class=\"has-text-align-center\">Ganzheitliche Behandlungtechniken<br \/>in der<br \/><strong>Hebammenpraxis am Steinlein<\/strong><\/p>\n\n\n","protected":false},"excerpt":{"rendered":"<p>Blockaden der Wirbels\u00e4ule und Gelenke w\u00e4hrend und durch die Geburt, auch durch St\u00fcrzeBewegungsentwicklungCraniosacrale OsteopathieFu\u00dfdeformit\u00e4tenKISS-SyndromAsymmetrien des Sch\u00e4dels, S\u00e4uglingsskolioseShonishin &#8211; Kinderakupunktur ohne NadelnEntwicklungsverz\u00f6gerungenUnterst\u00fctzung bei [&hellip;]<\/p>\n","protected":false},"author":3,"featured_media":0,"parent":0,"menu_order":0,"comment_status":"closed","ping_status":"closed","template":"","meta":{"footnotes":""},"class_list":["post-4145","page","type-page","status-publish","hentry"],"_links":{"self":[{"href":"https:\/\/hebammenpraxis-am-steinlein.de\/index.php?rest_route=\/wp\/v2\/pages\/4145","targetHints":{"allow":["GET"]}}],"collection":[{"href":"https:\/\/hebammenpraxis-am-steinlein.de\/index.php?rest_route=\/wp\/v2\/pages"}],"about":[{"href":"https:\/\/hebammenpraxis-am-steinlein.de\/index.php?rest_route=\/wp\/v2\/types\/page"}],"author":[{"embeddable":true,"href":"https:\/\/hebammenpraxis-am-steinlein.de\/index.php?rest_route=\/wp\/v2\/users\/3"}],"replies":[{"embeddable":true,"href":"https:\/\/hebammenpraxis-am-steinlein.de\/index.php?rest_route=%2Fwp%2Fv2%2Fcomments&post=4145"}],"version-history":[{"count":3,"href":"https:\/\/hebammenpraxis-am-steinlein.de\/index.php?rest_route=\/wp\/v2\/pages\/4145\/revisions"}],"predecessor-version":[{"id":4152,"href":"https:\/\/hebammenpraxis-am-steinlein.de\/index.php?rest_route=\/wp\/v2\/pages\/4145\/revisions\/4152"}],"wp:attachment":[{"href":"https:\/\/hebammenpraxis-am-steinlein.de\/index.php?rest_route=%2Fwp%2Fv2%2Fmedia&parent=4145"}],"curies":[{"name":"wp","href":"https:\/\/api.w.org\/{rel}","templated":true}]}}