{"id":836,"date":"2015-10-19T11:49:04","date_gmt":"2015-10-19T09:49:04","guid":{"rendered":"http:\/\/hebammenpraxis-am-steinlein.de\/?page_id=836"},"modified":"2025-01-16T11:35:06","modified_gmt":"2025-01-16T09:35:06","slug":"homoeopathie","status":"publish","type":"page","link":"https:\/\/hebammenpraxis-am-steinlein.de\/?page_id=836","title":{"rendered":"Hom\u00f6opathie"},"content":{"rendered":"\n<figure class=\"wp-block-image size-full is-resized\"><a href=\"https:\/\/hebammenpraxis-am-steinlein.de\/wp-content\/homoeopathie.neu_.jpg\"><img fetchpriority=\"high\" decoding=\"async\" width=\"474\" height=\"248\" src=\"https:\/\/hebammenpraxis-am-steinlein.de\/wp-content\/homoeopathie.neu_.jpg\" alt=\"\" class=\"wp-image-3820\" srcset=\"https:\/\/hebammenpraxis-am-steinlein.de\/wp-content\/homoeopathie.neu_.jpg 474w, https:\/\/hebammenpraxis-am-steinlein.de\/wp-content\/homoeopathie.neu_-300x157.jpg 300w, https:\/\/hebammenpraxis-am-steinlein.de\/wp-content\/homoeopathie.neu_-230x120.jpg 230w, https:\/\/hebammenpraxis-am-steinlein.de\/wp-content\/homoeopathie.neu_-350x183.jpg 350w\" sizes=\"(max-width: 474px) 100vw, 474px\" \/><\/a><figcaption class=\"wp-element-caption\">Globuli<\/figcaption><\/figure>\n\n\n<ul>\n<li>Die Hom\u00f6opathie ist eine \u00fcber 200 Jahre alte Heilkunst, die von Samuel Hahnemann (1755-1843) entwickelt wurde. Nach dem \u00c4hnlichkeitsprinzip werden Krankheiten ganzheitlich behandelt. Gerade in der Schwangerschaft, unter der Geburt und im Wochenbett k\u00f6nnen mit dieser Methode Beschwerden sanft und ohne sch\u00e4dliche Nebenwirkungen f\u00fcr Mutter und Kind gelindert oder behoben werden.<\/li>\n<li>Um eine passende Arznei zu ermitteln, bedarf es einer genauen Anamnese, die subjektiven und objektiven Symptome werden dabei genau erfasst. Auch die emotionale Verfassung kann eine gro\u00dfe Rolle bei der Wahl des richtigen Mittels spielen.<\/li>\n<\/ul>\n<p>Bei Interesse an einer hom\u00f6opathischen Behandlung oder an Kursen zum Thema Hom\u00f6opathie wendet Euch bitte an Heike Kralik.<\/p>","protected":false},"excerpt":{"rendered":"<p>Die Hom\u00f6opathie ist eine \u00fcber 200 Jahre alte Heilkunst, die von Samuel Hahnemann (1755-1843) entwickelt wurde. Nach dem \u00c4hnlichkeitsprinzip werden Krankheiten ganzheitlich [&hellip;]<\/p>\n","protected":false},"author":3,"featured_media":0,"parent":0,"menu_order":0,"comment_status":"closed","ping_status":"closed","template":"","meta":{"footnotes":""},"class_list":["post-836","page","type-page","status-publish","hentry"],"_links":{"self":[{"href":"https:\/\/hebammenpraxis-am-steinlein.de\/index.php?rest_route=\/wp\/v2\/pages\/836","targetHints":{"allow":["GET"]}}],"collection":[{"href":"https:\/\/hebammenpraxis-am-steinlein.de\/index.php?rest_route=\/wp\/v2\/pages"}],"about":[{"href":"https:\/\/hebammenpraxis-am-steinlein.de\/index.php?rest_route=\/wp\/v2\/types\/page"}],"author":[{"embeddable":true,"href":"https:\/\/hebammenpraxis-am-steinlein.de\/index.php?rest_route=\/wp\/v2\/users\/3"}],"replies":[{"embeddable":true,"href":"https:\/\/hebammenpraxis-am-steinlein.de\/index.php?rest_route=%2Fwp%2Fv2%2Fcomments&post=836"}],"version-history":[{"count":6,"href":"https:\/\/hebammenpraxis-am-steinlein.de\/index.php?rest_route=\/wp\/v2\/pages\/836\/revisions"}],"predecessor-version":[{"id":3838,"href":"https:\/\/hebammenpraxis-am-steinlein.de\/index.php?rest_route=\/wp\/v2\/pages\/836\/revisions\/3838"}],"wp:attachment":[{"href":"https:\/\/hebammenpraxis-am-steinlein.de\/index.php?rest_route=%2Fwp%2Fv2%2Fmedia&parent=836"}],"curies":[{"name":"wp","href":"https:\/\/api.w.org\/{rel}","templated":true}]}}